{"id":844,"date":"2026-01-31T22:16:27","date_gmt":"2026-02-01T01:16:27","guid":{"rendered":"https:\/\/memoriasmasculinas.org\/site\/?page_id=844"},"modified":"2026-04-17T22:06:24","modified_gmt":"2026-04-18T01:06:24","slug":"clube-do-livro","status":"publish","type":"page","link":"https:\/\/memoriasmasculinas.org\/site\/clube-do-livro\/","title":{"rendered":"Clube do Livro"},"content":{"rendered":"\n<p>O Clube do Livro prop\u00f5e a leitura coletiva de obras liter\u00e1rias brasileiras que abordam a viol\u00eancia sexual vivida por meninos e homens. A partir da literatura, buscamos criar um espa\u00e7o de reflex\u00e3o e di\u00e1logo sobre experi\u00eancias historicamente silenciadas, ampliando compreens\u00f5es sobre masculinidades, inf\u00e2ncia, corpo, mem\u00f3ria e trauma.<\/p>\n\n\n\n<p>O Clube \u00e9 gratuito, virtual e aberto a todas as pessoas interessadas &#8211; v\u00edtimas, apoiadores\/as, profissionais, estudantes e p\u00fablico em geral &#8211; e ser\u00e1 conduzido pela equipe da ONG Mem\u00f3rias Masculinas com cuidado \u00e9tico e sensibilidade, valorizando a palavra liter\u00e1ria como ferramenta de encontro, elabora\u00e7\u00e3o e transforma\u00e7\u00e3o.<\/p>\n\n\n\n<p><strong>Importante<\/strong>: <em>Este clube do livro aborda temas sens\u00edveis, contudo n\u00e3o se trata de um grupo terap\u00eautico. A participa\u00e7\u00e3o \u00e9 volunt\u00e1ria e cada pessoa \u00e9 convidada a respeitar seus pr\u00f3prios limites durante as leituras e os encontros.<\/em><\/p>\n\n\n\n<p>Preencha os dados da Ficha de Inscri\u00e7\u00e3o <a href=\"https:\/\/forms.gle\/6W5UEGChcnrYVtxh7\" target=\"_blank\" rel=\"noreferrer noopener\"><strong>aqui<\/strong><\/a> e aguarde nosso retorno.<\/p>\n\n\n\n<p>.<\/p>\n\n\n\n<p><strong>Livros lidos:<\/strong><\/p>\n\n\n\n<p>MAR\u00c7O<\/p>\n\n\n\n<p class=\"has-text-align-left\"><img loading=\"lazy\" decoding=\"async\" width=\"150\" height=\"225\" class=\"wp-image-858\" style=\"width: 150px;\" src=\"https:\/\/memoriasmasculinas.org\/site\/wp-content\/uploads\/2026\/04\/Amaras.jpg\" alt=\"\" srcset=\"https:\/\/memoriasmasculinas.org\/site\/wp-content\/uploads\/2026\/04\/Amaras.jpg 297w, https:\/\/memoriasmasculinas.org\/site\/wp-content\/uploads\/2026\/04\/Amaras-200x300.jpg 200w\" sizes=\"auto, (max-width: 150px) 100vw, 150px\" \/><br><strong>Amar\u00e1s<br><\/strong><em>Francisco Silva Cavalcante Junior<br><\/em>Editora CRV<br>2023<br>Um menino marcado por uma viol\u00eancia silenciada por d\u00e9cadas transforma sua dor em arte e escrita, encontrando na mem\u00f3ria e na cria\u00e7\u00e3o um caminho de metamorfose e sentido.<\/p>\n","protected":false},"excerpt":{"rendered":"<p>O Clube do Livro prop\u00f5e a leitura coletiva de obras liter\u00e1rias brasileiras que abordam a viol\u00eancia sexual vivida por meninos e homens. A partir da literatura, buscamos criar um espa\u00e7o de reflex\u00e3o e di\u00e1logo sobre experi\u00eancias historicamente silenciadas, ampliando compreens\u00f5es sobre masculinidades, inf\u00e2ncia, corpo, mem\u00f3ria e trauma. O Clube \u00e9 gratuito, virtual e aberto a<a class=\"more-link\" href=\"https:\/\/memoriasmasculinas.org\/site\/clube-do-livro\/\">Continuar lendo <span class=\"screen-reader-text\">&#8220;Clube do Livro&#8221;<\/span><\/a><\/p>\n","protected":false},"author":1,"featured_media":0,"parent":0,"menu_order":0,"comment_status":"closed","ping_status":"closed","template":"","meta":{"footnotes":""},"class_list":["post-844","page","type-page","status-publish","hentry","entry"],"_links":{"self":[{"href":"https:\/\/memoriasmasculinas.org\/site\/wp-json\/wp\/v2\/pages\/844","targetHints":{"allow":["GET"]}}],"collection":[{"href":"https:\/\/memoriasmasculinas.org\/site\/wp-json\/wp\/v2\/pages"}],"about":[{"href":"https:\/\/memoriasmasculinas.org\/site\/wp-json\/wp\/v2\/types\/page"}],"author":[{"embeddable":true,"href":"https:\/\/memoriasmasculinas.org\/site\/wp-json\/wp\/v2\/users\/1"}],"replies":[{"embeddable":true,"href":"https:\/\/memoriasmasculinas.org\/site\/wp-json\/wp\/v2\/comments?post=844"}],"version-history":[{"count":4,"href":"https:\/\/memoriasmasculinas.org\/site\/wp-json\/wp\/v2\/pages\/844\/revisions"}],"predecessor-version":[{"id":860,"href":"https:\/\/memoriasmasculinas.org\/site\/wp-json\/wp\/v2\/pages\/844\/revisions\/860"}],"wp:attachment":[{"href":"https:\/\/memoriasmasculinas.org\/site\/wp-json\/wp\/v2\/media?parent=844"}],"curies":[{"name":"wp","href":"https:\/\/api.w.org\/{rel}","templated":true}]}}