{"id":828,"date":"2025-11-19T22:56:39","date_gmt":"2025-11-20T01:56:39","guid":{"rendered":"https:\/\/memoriasmasculinas.org\/site\/?page_id=828"},"modified":"2025-11-20T10:37:21","modified_gmt":"2025-11-20T13:37:21","slug":"i-simposio-brasileiro-sobre-violencia-sexual-contra-meninos-e-homens","status":"publish","type":"page","link":"https:\/\/memoriasmasculinas.org\/site\/i-simposio-brasileiro-sobre-violencia-sexual-contra-meninos-e-homens\/","title":{"rendered":"Simp\u00f3sio"},"content":{"rendered":"\n<h2 class=\"wp-block-heading\">I Simp\u00f3sio Brasileiro sobre Viol\u00eancia Sexual contra Meninos e Homens<\/h2>\n\n\n\n<p><strong>13\/11 \u00e0s 19h<br><\/strong>Rodas de Conversa: O cuidado em foco: relatos e desafios nos atendimentos a homens v\u00edtimas de viol\u00eancia sexual<br>Denis Ferreira (Presidente \/ Mem\u00f3rias Masculinas)<br>Diogo Vaz (Secret\u00e1rio Geral \/ Mem\u00f3rias Masculinas)<br>Felipe Krupa (Tesoureiro \/ Mem\u00f3rias Masculinas)<\/p>\n\n\n\n<p><strong>14\/11 \u00e0s 9h<br><\/strong>Mesa-redonda: Masculinidades e viol\u00eancia sexual contra homens<br>Andreh Santos (Diretor de Titula\u00e7\u00e3o \/ SBRASH)<br>Andrio Robert (L\u00edder da equipe editorial do Instituto Papo de Homem)<br>Henrique Restier (Docente \/ Cefet-RJ)<br>Jean von Hohendorff (Coordenador do Grupo de Pesquisa VIA Redes)<\/p>\n\n\n\n<p><strong>14\/11 \u00e0s 14h<br><\/strong>Mesa-redonda: Pol\u00edticas e Advocacia: institui\u00e7\u00f5es na defesa de meninos e homens v\u00edtimas de viol\u00eancia sexual<br>Leandro Ziotto (Fundador da 4daddy)<br>Lucas Lopes (Coaliz\u00e3o Brasileira pelo Fim da Viol\u00eancia contra Crian\u00e7as e Adolescentes)<br>Renata Greco (Instituto Liberta)<\/p>\n\n\n\n<p><strong>14\/11 \u00e0s 19h<br><\/strong>Mesa-redonda: Vozes e narrativas: visibilizando a viol\u00eancia sexual contra homens em diferentes meios<br>Guilherme Logullo (Ator)<br>Marcella Rossetti (Escritora)<br>Marcelo Labes (Escritor)<br>Paula Sacchetta (Documentarista)<\/p>\n\n\n\n<p><strong>15\/11 \u00e0s 8h<br><\/strong>Apresenta\u00e7\u00e3o Oral dos Resumos Expandidos<\/p>\n\n\n\n<p><strong>15\/11 \u00e0s 11h<br><\/strong>Palestra de Encerramento<br>Sheylli Caleffi<\/p>\n\n\n\n<p>.<\/p>\n\n\n\n<p>Site do evento <a href=\"https:\/\/www.even3.com.br\/i-simposio-brasileiro-sobre-violencia-sexual-contra-homens-e-meninos-628955\/\" target=\"_blank\" rel=\"noreferrer noopener\">aqui<\/a>.<\/p>\n\n\n\n<p>.<\/p>\n\n\n\n<figure class=\"wp-block-video\"><video height=\"1080\" style=\"aspect-ratio: 1080 \/ 1080;\" width=\"1080\" controls src=\"https:\/\/memoriasmasculinas.org\/site\/wp-content\/uploads\/2025\/11\/Simposio.mp4\"><\/video><\/figure>\n","protected":false},"excerpt":{"rendered":"<p>I Simp\u00f3sio Brasileiro sobre Viol\u00eancia Sexual contra Meninos e Homens 13\/11 \u00e0s 19hRodas de Conversa: O cuidado em foco: relatos e desafios nos atendimentos a homens v\u00edtimas de viol\u00eancia sexualDenis Ferreira (Presidente \/ Mem\u00f3rias Masculinas)Diogo Vaz (Secret\u00e1rio Geral \/ Mem\u00f3rias Masculinas)Felipe Krupa (Tesoureiro \/ Mem\u00f3rias Masculinas) 14\/11 \u00e0s 9hMesa-redonda: Masculinidades e viol\u00eancia sexual contra homensAndreh<a class=\"more-link\" href=\"https:\/\/memoriasmasculinas.org\/site\/i-simposio-brasileiro-sobre-violencia-sexual-contra-meninos-e-homens\/\">Continuar lendo <span class=\"screen-reader-text\">&#8220;Simp\u00f3sio&#8221;<\/span><\/a><\/p>\n","protected":false},"author":1,"featured_media":0,"parent":0,"menu_order":0,"comment_status":"closed","ping_status":"closed","template":"","meta":{"footnotes":""},"class_list":["post-828","page","type-page","status-publish","hentry","entry"],"_links":{"self":[{"href":"https:\/\/memoriasmasculinas.org\/site\/wp-json\/wp\/v2\/pages\/828","targetHints":{"allow":["GET"]}}],"collection":[{"href":"https:\/\/memoriasmasculinas.org\/site\/wp-json\/wp\/v2\/pages"}],"about":[{"href":"https:\/\/memoriasmasculinas.org\/site\/wp-json\/wp\/v2\/types\/page"}],"author":[{"embeddable":true,"href":"https:\/\/memoriasmasculinas.org\/site\/wp-json\/wp\/v2\/users\/1"}],"replies":[{"embeddable":true,"href":"https:\/\/memoriasmasculinas.org\/site\/wp-json\/wp\/v2\/comments?post=828"}],"version-history":[{"count":3,"href":"https:\/\/memoriasmasculinas.org\/site\/wp-json\/wp\/v2\/pages\/828\/revisions"}],"predecessor-version":[{"id":833,"href":"https:\/\/memoriasmasculinas.org\/site\/wp-json\/wp\/v2\/pages\/828\/revisions\/833"}],"wp:attachment":[{"href":"https:\/\/memoriasmasculinas.org\/site\/wp-json\/wp\/v2\/media?parent=828"}],"curies":[{"name":"wp","href":"https:\/\/api.w.org\/{rel}","templated":true}]}}