{"id":816,"date":"2025-09-20T14:56:28","date_gmt":"2025-09-20T17:56:28","guid":{"rendered":"https:\/\/memoriasmasculinas.org\/site\/?page_id=816"},"modified":"2025-11-19T22:37:39","modified_gmt":"2025-11-20T01:37:39","slug":"apoiadores","status":"publish","type":"page","link":"https:\/\/memoriasmasculinas.org\/site\/apoiadores\/","title":{"rendered":"Apoiadores"},"content":{"rendered":"\n<p>Fundada em 2020, a <strong>ONG Mem\u00f3rias Masculinas<\/strong> oferece <strong>atendimento psicol\u00f3gico especializado e gratuito<\/strong> para homens que foram v\u00edtimas de viol\u00eancia sexual em formato de plant\u00e3o psicol\u00f3gico. J\u00e1 recebemos mais de 400 solicita\u00e7\u00f5es de atendimento, com uma taxa de satisfa\u00e7\u00e3o superior a 90% \u2014 nenhum homem atendido deixaria de recomendar nosso servi\u00e7o.<\/p>\n\n\n\n<p>Somos hoje uma rede com v\u00e1rios psic\u00f3logos volunt\u00e1rios, al\u00e9m de profissionais de outras \u00e1reas como Antropologia, Educa\u00e7\u00e3o e Sociologia e atuamos tamb\u00e9m por meio de forma\u00e7\u00f5es, produ\u00e7\u00e3o de conhecimento, articula\u00e7\u00f5es institucionais e presen\u00e7a nas redes sociais. Nosso trabalho \u00e9 movido pelo acolhimento e enfrentamento \u00e0 viola\u00e7\u00e3o dos direitos humanos dos homens v\u00edtimas.<\/p>\n\n\n\n<p><strong>Por que precisamos de financiamento?<\/strong><\/p>\n\n\n\n<p>Queremos aprimorar o que fazemos e aumentar nosso alcance. At\u00e9 hoje, todo o trabalho foi volunt\u00e1rio e os custos pagos do nosso pr\u00f3prio bolso. Para alcan\u00e7ar ainda mais pessoas, especialmente nas regi\u00f5es e grupos mais invisibilizados e vulnerabilizados, precisamos de uma equipe profissional dedicada em tempo parcial ou integral (esse \u00e9 o nosso sonho), se conseguirmos isso vamos ampliar nosso alcance.<\/p>\n\n\n\n<p>Acesse nossa p\u00e1gina no <em>Catarse <\/em><a href=\"https:\/\/www.catarse.me\/memoriasmasculinas\" target=\"_blank\" rel=\"noreferrer noopener\"><strong>aqui<\/strong><\/a> e seja tamb\u00e9m nosso apoiador!<\/p>\n\n\n\n<p>Al\u00e9m das contribui\u00e7\u00f5es via <em>Catarse<\/em>, voc\u00ea tamb\u00e9m pode fazer doa\u00e7\u00f5es por pix na nossa conta:<br>Banco Cora<br>Ag. 0001<br>CC 4995363-2<br>Chave pix: diretoria@memoriasmasculinas.org<\/p>\n\n\n\n<p>.<\/p>\n\n\n\n<h2 class=\"wp-block-heading\">Lista de apoiadores<\/h2>\n\n\n\n<p>Marcos Rodrigo Bezerra Rodrigues<br>Rodrigo de Oliveira<br>Lu\u00eds Olavo Melo Chaves<\/p>\n","protected":false},"excerpt":{"rendered":"<p>Fundada em 2020, a ONG Mem\u00f3rias Masculinas oferece atendimento psicol\u00f3gico especializado e gratuito para homens que foram v\u00edtimas de viol\u00eancia sexual em formato de plant\u00e3o psicol\u00f3gico. J\u00e1 recebemos mais de 400 solicita\u00e7\u00f5es de atendimento, com uma taxa de satisfa\u00e7\u00e3o superior a 90% \u2014 nenhum homem atendido deixaria de recomendar nosso servi\u00e7o. Somos hoje uma rede<a class=\"more-link\" href=\"https:\/\/memoriasmasculinas.org\/site\/apoiadores\/\">Continuar lendo <span class=\"screen-reader-text\">&#8220;Apoiadores&#8221;<\/span><\/a><\/p>\n","protected":false},"author":1,"featured_media":0,"parent":0,"menu_order":0,"comment_status":"closed","ping_status":"closed","template":"","meta":{"footnotes":""},"class_list":["post-816","page","type-page","status-publish","hentry","entry"],"_links":{"self":[{"href":"https:\/\/memoriasmasculinas.org\/site\/wp-json\/wp\/v2\/pages\/816","targetHints":{"allow":["GET"]}}],"collection":[{"href":"https:\/\/memoriasmasculinas.org\/site\/wp-json\/wp\/v2\/pages"}],"about":[{"href":"https:\/\/memoriasmasculinas.org\/site\/wp-json\/wp\/v2\/types\/page"}],"author":[{"embeddable":true,"href":"https:\/\/memoriasmasculinas.org\/site\/wp-json\/wp\/v2\/users\/1"}],"replies":[{"embeddable":true,"href":"https:\/\/memoriasmasculinas.org\/site\/wp-json\/wp\/v2\/comments?post=816"}],"version-history":[{"count":5,"href":"https:\/\/memoriasmasculinas.org\/site\/wp-json\/wp\/v2\/pages\/816\/revisions"}],"predecessor-version":[{"id":827,"href":"https:\/\/memoriasmasculinas.org\/site\/wp-json\/wp\/v2\/pages\/816\/revisions\/827"}],"wp:attachment":[{"href":"https:\/\/memoriasmasculinas.org\/site\/wp-json\/wp\/v2\/media?parent=816"}],"curies":[{"name":"wp","href":"https:\/\/api.w.org\/{rel}","templated":true}]}}