{"id":793,"date":"2025-08-27T00:08:32","date_gmt":"2025-08-27T03:08:32","guid":{"rendered":"https:\/\/memoriasmasculinas.org\/site\/?page_id=793"},"modified":"2026-04-17T22:14:35","modified_gmt":"2026-04-18T01:14:35","slug":"repositorio","status":"publish","type":"page","link":"https:\/\/memoriasmasculinas.org\/site\/repositorio\/","title":{"rendered":"Reposit\u00f3rio"},"content":{"rendered":"\n<p>Aqui nesta p\u00e1gina reunimos produ\u00e7\u00f5es de p\u00f3s-gradua\u00e7\u00e3o &#8211; disserta\u00e7\u00f5es e teses &#8211; brasileiras que investigaram sobre a viol\u00eancia sexual contra meninos e homens.<\/p>\n\n\n\n<p>.<\/p>\n\n\n\n<p><strong>Christian Haag Kristensen<br><\/strong><a href=\"https:\/\/www.bibliotecadigital.ufrgs.br\/bitstream\/handle\/10183\/1432\/000177073.pdf\" target=\"_blank\" rel=\"noreferrer noopener\">Abuso sexual em meninos<br><\/a>Mestrado<br>Universidade Federal do Rio Grande do Sul<br>1996<br>Psicologia<\/p>\n\n\n\n<p><strong>Antonio Augusto Pinto Junior<br><\/strong>Viol\u00eancia sexual dom\u00e9stica contra meninos: um estudo fenomenol\u00f3gico<br>Doutorado<br>Universidade de S\u00e3o Paulo<br>2003<br>Psicologia<\/p>\n\n\n\n<p><strong>Sonia Fortes do Prado<br><\/strong><a href=\"https:\/\/repositorio.unb.br\/bitstream\/10482\/2302\/1\/Sonia%20Fortes%20do%20Prado.pdf\" target=\"_blank\" rel=\"noreferrer noopener\">Dimens\u00f5es da viol\u00eancia sexual contra meninos sob a \u00f3tica de g\u00eanero: um estudo explorat\u00f3rio<br><\/a>Mestrado<br>Universidade de Bras\u00edlia<br>2006<br>Psicologia Cl\u00ednica<\/p>\n\n\n\n<p><strong>Moacyr Ferreira Pires Filho<br><\/strong><a href=\"http:\/\/tede2.unicap.br:8080\/bitstream\/tede\/83\/1\/Moacyr_confrontado.pdf\" target=\"_blank\" rel=\"noreferrer noopener\">Viol\u00eancia intrafamiliar: a compreens\u00e3o de psic\u00f3logos que atendem em institui\u00e7\u00f5es crian\u00e7as do sexo masculino, v\u00edtimas do abuso sexual<br><\/a>Mestrado<br>Universidade Cat\u00f3lica de Pernambuco<br>2007<br>Psicologia Cl\u00ednica<\/p>\n\n\n\n<p><strong>Mery Pureza Candido de Oliveira<br><\/strong><a href=\"https:\/\/teses.usp.br\/teses\/disponiveis\/5\/5160\/tde-28042010-165216\/publico\/MeryPCOliveira.pdf\" target=\"_blank\" rel=\"noreferrer noopener\">Abuso sexual de meninos: estudo das consequ\u00eancias psicossexuais na adolesc\u00eancia<br><\/a>Mestrado<br>Universidade de S\u00e3o Paulo<br>2010<br>Ci\u00eancias<\/p>\n\n\n\n<p><strong>Admilson M\u00e1rio de Assun\u00e7\u00e3o<br><\/strong><a href=\"https:\/\/ri.ufmt.br\/bitstream\/1\/943\/1\/DISS_2011_%20Admilson%20M%c3%a1rio%20de%20Assun%c3%a7%c3%a3o.pdf\" target=\"_blank\" rel=\"noreferrer noopener\">Narrativas silenciadas<br><\/a>Mestrado<br>Universidade Federal de Mato Grosso<br>2011<br>Educa\u00e7\u00e3o<\/p>\n\n\n\n<p><strong>Jean Von Hohendorff<br><\/strong><a href=\"https:\/\/lume.ufrgs.br\/bitstream\/handle\/10183\/55080\/000856300.pdf\" target=\"_blank\" rel=\"noreferrer noopener\">Adapta\u00e7\u00e3o e avalia\u00e7\u00e3o de uma interven\u00e7\u00e3o cognitivo-comportamental para meninos v\u00edtimas de viol\u00eancia sexual<br><\/a>Mestrado<br>Universidade Federal do Rio Grande do Sul<br>2012<br>Psicologia<\/p>\n\n\n\n<p><strong>Carlos Alberto Silvestre In\u00e1cio<br><\/strong>Abuso sexual de meninos: relatos maternos: viol\u00eancia, culpa e rememora\u00e7\u00e3o<br>Mestrado<br>Universidade Tuiuti do Paran\u00e1<br>2015<br>Psicologia<\/p>\n\n\n\n<p><strong>Fabiana Aparecida de Carvalho<br><\/strong><a href=\"https:\/\/tede2.pucsp.br\/bitstream\/handle\/17716\/1\/Fabiana%20Aparecida%20de%20Carvalho.pdf\" target=\"_blank\" rel=\"noreferrer noopener\">Homem n\u00e3o chora: o abuso sexual contra meninos<br><\/a>Doutorado<br>Pontif\u00edcia Universidade Cat\u00f3lica de S\u00e3o Paulo<br>2015<br>Servi\u00e7o Social<\/p>\n\n\n\n<p><strong>Jean Von Hohendorff<br><\/strong><a href=\"https:\/\/lume.ufrgs.br\/bitstream\/handle\/10183\/150408\/000993997.pdf\" target=\"_blank\" rel=\"noreferrer noopener\">Din\u00e2mica da viol\u00eancia sexual contra meninos<br><\/a>Doutorado<br>Universidade Federal do Rio Grande do Sul<br>2016<br>Psicologia<\/p>\n\n\n\n<p><strong>Camila Vaz Abeche<br><\/strong>Personalidade, estilos parentais e cogni\u00e7\u00e3o em meninos v\u00edtimas de abuso sexual<br>Mestrado<br>Universidade Metodista de S\u00e3o Paulo<br>2016<br>Psicologia da Sa\u00fade<\/p>\n\n\n\n<p><strong>Let\u00edcia Silveira Felippe<br><\/strong>Viol\u00eancia sexual em meninos: g\u00eanero e masculinidade<br>Mestrado<br>Universidade do Estado do Rio de Janeiro<br>2016<br>Servi\u00e7o Social<\/p>\n\n\n\n<p><strong>Samuel da Silva Souza<br><\/strong><a href=\"https:\/\/ppgecpan.ufms.br\/files\/2018\/01\/Texto-para-Defesa-SAMUEL-2017.-GABI.pdf\" target=\"_blank\" rel=\"noreferrer noopener\">Viol\u00eancia sexual contra meninos no munic\u00edpio de Corumb\u00e1\/MS no per\u00edodo de 2006 a 2015<br><\/a>Mestrado<br>Universidade Federal de Mato Grosso do Sul<br>2017<br>Educa\u00e7\u00e3o<\/p>\n\n\n\n<p><strong>Andr\u00e9 Assis Breder de Oliveira<br><\/strong><a href=\"https:\/\/repositorio.ufmg.br\/bitstream\/1843\/BUBD-AQKHT6\/1\/meninos_tra_dos___abuso_sexual_e_constitui__o_da_masculinidade__andr___breder_.pdf\" target=\"_blank\" rel=\"noreferrer noopener\">Meninos tra\u00eddos: abuso sexual e constitui\u00e7\u00e3o da masculinidade<br><\/a>Mestrado<br>Universidade Federal de Minas Gerais<br>2017<br>Psicologia<\/p>\n\n\n\n<p><strong>Amanda Pinheiro Said<br><\/strong><a href=\"https:\/\/repositorio.unb.br\/bitstream\/10482\/24561\/1\/2017_AmandaPinheiroSaid.pdf\" target=\"_blank\" rel=\"noreferrer noopener\">Abuso sexual de v\u00edtimas do sexo masculino: notifica\u00e7\u00f5es e prontu\u00e1rios no Distrito Federal<br><\/a>Mestrado<br>Universidade de Bras\u00edlia<br>2017<br>Psicologia<\/p>\n\n\n\n<p><strong>Franklin de Lima Silva<br><\/strong><a href=\"https:\/\/app.uff.br\/riuff\/bitstream\/handle\/1\/10950\/DISSERTA%C3%87%C3%83O%20Franklin.pdf\" target=\"_blank\" rel=\"noreferrer noopener\">\u201cMenino abusado\u201d: a compreens\u00e3o cr\u00edtica do abuso sexual dom\u00e9stico contra meninos<br><\/a>Mestrado<br>Universidade Federal Fluminense<br>2018<br>Servi\u00e7o Social<\/p>\n\n\n\n<p><strong>Sirlene Caramello dos Reis<br><\/strong><a href=\"https:\/\/teses.usp.br\/teses\/disponiveis\/5\/5160\/tde-07112018-130718\/publico\/SirleneCaramellodosReisVersaoCorrigida.pdf\" target=\"_blank\" rel=\"noreferrer noopener\">Estudo sobre o efeito mediador de sintomas de ansiedade e depress\u00e3o quanto \u00e0 gravidade do comportamento sexual compulsivo e hipersexual nos homens que referiram hist\u00f3ria de abuso sexual na inf\u00e2ncia\/adolesc\u00eancia<br><\/a>Mestrado<br>Universidade de S\u00e3o Paulo<br>2018<br>Ci\u00eancias<\/p>\n\n\n\n<p><strong>Amanda Diogo Pap<br><\/strong><a href=\"https:\/\/www.teses.usp.br\/teses\/disponiveis\/5\/5160\/tde-03072019-112349\/publico\/AmandaDiogoPap.pdf\" target=\"_blank\" rel=\"noreferrer noopener\">A rela\u00e7\u00e3o da experi\u00eancia de abuso sexual na inf\u00e2ncia e queixas de dor p\u00e9lvica cr\u00f4nica e disfun\u00e7\u00e3o sexual masculina<br><\/a>Mestrado<br>Universidade de S\u00e3o Paulo<br>2019<br>Ci\u00eancias<\/p>\n\n\n\n<p><strong>Adriane Andrade Costa<br><\/strong><a href=\"https:\/\/tede.ufam.edu.br\/bitstream\/tede\/7450\/2\/Disserta%C3%A7%C3%A3o_AdrianeCosta_PPGPSI\" target=\"_blank\" rel=\"noreferrer noopener\">Contato sexual entre meninos: \u201cjogos sexuais\u201d ou viol\u00eancia sexual?<br><\/a>Mestrsado<br>Universidade Federal do Amazonas<br>2019<br>Psicologia<\/p>\n\n\n\n<p><strong>Angela de Araujo Barros<br><\/strong>Rea\u00e7\u00f5es de m\u00e3es de meninos v\u00edtimas de viol\u00eancia sexual frente a revela\u00e7\u00e3o<br>Mestrado<br>Faculdade Meridional<br>2019<br>Psicologia<\/p>\n\n\n\n<p><strong>Leonardo Ribeiro G. de Oliveira<br><\/strong><a href=\"https:\/\/rima.ufrrj.br\/jspui\/bitstream\/20.500.14407\/14484\/3\/2020%20-%20Leonardo%20Ribeiro%20Gon%c3%a7alves%20de%20Oliveira.pdf\" target=\"_blank\" rel=\"noreferrer noopener\">Sobre o acompanhamento do CREAS a crian\u00e7as v\u00edtimas de abuso sexual: um estudo a partir de Ferenczi<br><\/a>Mestrado<br>Universidade Federal Rural do Rio de Janeiro<br>2020<br>Psicologia<\/p>\n\n\n\n<p><strong>Thuani Coutinho Gomes de Queiroz<br><\/strong><a href=\"https:\/\/app.uff.br\/riuff\/bitstream\/handle\/1\/25482\/Disserta%C3%A7%C3%A3o%20%20-%20Thuani%20Cout.pdf\" target=\"_blank\" rel=\"noreferrer noopener\">\u201cHomem n\u00e3o fala sobre vida sexual!\u201d: Inicia\u00e7\u00f5es, viol\u00eancias e outros apontamentos masculinos sobre sexo e sexualidade<br><\/a>Mestrado<br>Universidade Federal Fluminense<br>2020<br>Antropologia<\/p>\n\n\n\n<p><strong>Amanda Pinheiro Said<br><\/strong><a href=\"https:\/\/repositorio.unb.br\/bitstream\/10482\/43097\/1\/2021_AmandaPinheiroSaid.pdf\" target=\"_blank\" rel=\"noreferrer noopener\">Polivitimiza\u00e7\u00e3o de meninos abusados sexualmente: v\u00edtimas, familiares e profissionais<br><\/a>Doutorado<br>Universidade de Bras\u00edlia<br>2021<br>Psicologia Cl\u00ednica e Cultura<\/p>\n\n\n\n<p><strong>Manuela Darosci<br><\/strong><a href=\"https:\/\/repositorio.ufsc.br\/bitstream\/handle\/123456789\/234740\/PGSS0269-D.pdf\" target=\"_blank\" rel=\"noreferrer noopener\">Al\u00e9m do Sil\u00eancio: uma an\u00e1lise sobre viol\u00eancia sexual com homens a partir dos Boletins de Ocorr\u00eancia de Santa Catarina<br><\/a>Mestrado<br>Universidade Federal de Santa Catarina<br>2022<br>Servi\u00e7o Social<\/p>\n\n\n\n<p><strong>Denis Gon\u00e7alves Ferreira<br><\/strong>Viol\u00eancia e revitima\u00e7\u00e3o sexual contra meninos, homens e HSH brasileiros: preval\u00eancia, fatores associados e subnotifica\u00e7\u00e3o<br>Doutorado<br>Faculdade de Ci\u00eancias M\u00e9dicas da Santa Casa de S\u00e3o Paulo<br>2022<br>Sa\u00fade Coletiva<\/p>\n\n\n\n<p><strong>Camila Bahia Lessa<br><\/strong><a href=\"https:\/\/app.uff.br\/riuff\/bitstream\/handle\/1\/32351\/LESSA%2c%20Camila%20Bahia.%20%20%5bDisserta%C3%A7%C3%A3o%2c%202023%5d.pdf\" target=\"_blank\" rel=\"noreferrer noopener\">Meninos sexualmente abusados por mulheres: perspectivas de profissionais da Sa\u00fade em forma\u00e7\u00e3o<br><\/a>Mestrado<br>Universidade Federal Fluminense<br>2023<br>Sa\u00fade Coletiva<\/p>\n\n\n\n<p><strong>Dyogo Henrique Menezes de Azeredo<br><\/strong><a href=\"https:\/\/ufr.edu.br\/ppgedu\/wp-content\/uploads\/2024\/03\/DYOGO-HENRIQUE-MENEZES-DE-AZEREDO.pdf\" target=\"_blank\" rel=\"noreferrer noopener\">Do sil\u00eancio \u00e0 invisibilidade: a viol\u00eancia sexual contra meninos no munic\u00edpio de Rondon\u00f3polis-MT<br><\/a>Mestrado<br>Universidade Federal de Rondon\u00f3polis<br>2023<br>Educa\u00e7\u00e3o<\/p>\n\n\n\n<p><strong>Cristiano Eduardo da Rosa<br><\/strong><a href=\"https:\/\/lume.ufrgs.br\/bitstream\/handle\/10183\/276960\/001207961.pdf\" target=\"_blank\" rel=\"noreferrer noopener\">Viol\u00eancia\/abuso sexual contra meninos: a pedofiliza\u00e7\u00e3o na educa\u00e7\u00e3o das masculinidades dissidentes na inf\u00e2ncia<br><\/a>Doutorado<br>Universidade Federal do Rio Grande do Sul<br>2024<br>Educa\u00e7\u00e3o<\/p>\n\n\n\n<p><strong>Ren\u00ea Bastos Ventura<br><\/strong>Estupro masculino nos (e para al\u00e9m dos) tweets: debates em torno da exist\u00eancia da viol\u00eancia sexual contra homens<br>Mestrado<br>Universidade Federal do Rio de Janeiro<br>2025<br>Antropologia Social<\/p>\n\n\n\n<p><strong>Andrik Barbosa Risso<br><\/strong>A viol\u00eancia sexual contra homens como arma de guerra: uma an\u00e1lise das din\u00e2micas de silenciamentos no conflito russo-ucraniano<br>Doutorado<br>Universidade Estadual do Norte Fluminense Darcy Ribeiro<br>2025<br>Sociologia Pol\u00edtica<\/p>\n\n\n\n<p><strong>Thuani Coutinho Gomes de Queiroz<br><\/strong>Viol\u00eancia sexual contra homens: novas sensibilidades em constru\u00e7\u00e3o<br>Doutorado<br>Universidade Federal Fluminense<br>2025<br>Antropologia<\/p>\n\n\n\n<p><strong>Raquel Louren\u00e7o de Andrade Inagaki<br><\/strong>Viol\u00eancia sexual infantil contra meninos: um estudo comparativo em fun\u00e7\u00e3o do g\u00eanero do\/a agressor\/a<br>Mestrado<br>Centro Universit\u00e1rio de Bras\u00edlia<br>2025<br>Psicologia<\/p>\n\n\n\n<p>.<\/p>\n\n\n\n<p><strong>Se voc\u00ea conhece alguma outra produ\u00e7\u00e3o que investiga sobre viol\u00eancia sexual contra meninos e homens, escreva para<\/strong> <em>cristiano.rosa@memoriasmasculinas.org<\/em>.<\/p>\n","protected":false},"excerpt":{"rendered":"<p>Aqui nesta p\u00e1gina reunimos produ\u00e7\u00f5es de p\u00f3s-gradua\u00e7\u00e3o &#8211; disserta\u00e7\u00f5es e teses &#8211; brasileiras que investigaram sobre a viol\u00eancia sexual contra meninos e homens. . Christian Haag KristensenAbuso sexual em meninosMestradoUniversidade Federal do Rio Grande do Sul1996Psicologia Antonio Augusto Pinto JuniorViol\u00eancia sexual dom\u00e9stica contra meninos: um estudo fenomenol\u00f3gicoDoutoradoUniversidade de S\u00e3o Paulo2003Psicologia Sonia Fortes do PradoDimens\u00f5es da<a class=\"more-link\" href=\"https:\/\/memoriasmasculinas.org\/site\/repositorio\/\">Continuar lendo <span class=\"screen-reader-text\">&#8220;Reposit\u00f3rio&#8221;<\/span><\/a><\/p>\n","protected":false},"author":1,"featured_media":0,"parent":0,"menu_order":0,"comment_status":"closed","ping_status":"closed","template":"","meta":{"footnotes":""},"class_list":["post-793","page","type-page","status-publish","hentry","entry"],"_links":{"self":[{"href":"https:\/\/memoriasmasculinas.org\/site\/wp-json\/wp\/v2\/pages\/793","targetHints":{"allow":["GET"]}}],"collection":[{"href":"https:\/\/memoriasmasculinas.org\/site\/wp-json\/wp\/v2\/pages"}],"about":[{"href":"https:\/\/memoriasmasculinas.org\/site\/wp-json\/wp\/v2\/types\/page"}],"author":[{"embeddable":true,"href":"https:\/\/memoriasmasculinas.org\/site\/wp-json\/wp\/v2\/users\/1"}],"replies":[{"embeddable":true,"href":"https:\/\/memoriasmasculinas.org\/site\/wp-json\/wp\/v2\/comments?post=793"}],"version-history":[{"count":10,"href":"https:\/\/memoriasmasculinas.org\/site\/wp-json\/wp\/v2\/pages\/793\/revisions"}],"predecessor-version":[{"id":862,"href":"https:\/\/memoriasmasculinas.org\/site\/wp-json\/wp\/v2\/pages\/793\/revisions\/862"}],"wp:attachment":[{"href":"https:\/\/memoriasmasculinas.org\/site\/wp-json\/wp\/v2\/media?parent=793"}],"curies":[{"name":"wp","href":"https:\/\/api.w.org\/{rel}","templated":true}]}}