{"id":761,"date":"2025-07-14T17:25:13","date_gmt":"2025-07-14T20:25:13","guid":{"rendered":"https:\/\/memoriasmasculinas.org\/site\/?page_id=761"},"modified":"2025-07-29T18:51:54","modified_gmt":"2025-07-29T21:51:54","slug":"grupo-de-estudos","status":"publish","type":"page","link":"https:\/\/memoriasmasculinas.org\/site\/grupo-de-estudos\/","title":{"rendered":"Grupo de Estudos"},"content":{"rendered":"\n<p>O Grupo de Estudos do Mem\u00f3rias Masculinas, vinculado ao N\u00facleo de Estudos Transdisciplinar sobre Viol\u00eancia Sexual e Homens do CNPq, tem como objetivo promover a reflex\u00e3o cr\u00edtica, o debate acad\u00eamico e a produ\u00e7\u00e3o de conhecimento sobre as m\u00faltiplas dimens\u00f5es da viol\u00eancia sexual contra homens, em articula\u00e7\u00e3o com os estudos de g\u00eanero, masculinidades, sa\u00fade, direitos humanos e justi\u00e7a.<\/p>\n\n\n\n<p>Nosso grupo \u00e9 composto por estudantes, pesquisadores, profissionais e ativistas engajados com o enfrentamento das viol\u00eancias de g\u00eanero e com a promo\u00e7\u00e3o de uma escuta \u00e9tica e qualificada dos homens em situa\u00e7\u00e3o de vulnerabilidade.<\/p>\n\n\n\n<p>Est\u00e1 aberto o <strong>Edital de Chamada para Novos Integrantes<\/strong>, com inscri\u00e7\u00f5es de 17 a 21 de julho e in\u00edcio das atividades em 5 de agosto; clique <a href=\"https:\/\/memoriasmasculinas.org\/site\/wp-content\/uploads\/2025\/07\/EDITAL-DE-CHAMADA-PARA-NOVOS-INTEGRANTES.pdf\" data-type=\"link\" data-id=\"https:\/\/memoriasmasculinas.org\/site\/wp-content\/uploads\/2025\/07\/EDITAL-DE-CHAMADA-PARA-NOVOS-INTEGRANTES.pdf\" target=\"_blank\" rel=\"noreferrer noopener\">aqui<\/a> para acessar o documento.<\/p>\n\n\n\n<p>.<\/p>\n\n\n\n<h2 class=\"wp-block-heading\">Resultado<\/h2>\n\n\n\n<p>Com muito prazer divulgamos o Resultado do Edital com a lista dos selecionados para integrar o nosso <strong>Grupo de Estudos 2025<\/strong>! Em breve, entraremos em contato por e-mail com as orienta\u00e7\u00f5es para o nosso primeiro encontro; clique <a href=\"https:\/\/memoriasmasculinas.org\/site\/wp-content\/uploads\/2025\/07\/LISTA_DE_APROVADOS_assinado.pdf\" target=\"_blank\" rel=\"noreferrer noopener\">aqui<\/a> para acessar o documento.<\/p>\n","protected":false},"excerpt":{"rendered":"<p>O Grupo de Estudos do Mem\u00f3rias Masculinas, vinculado ao N\u00facleo de Estudos Transdisciplinar sobre Viol\u00eancia Sexual e Homens do CNPq, tem como objetivo promover a reflex\u00e3o cr\u00edtica, o debate acad\u00eamico e a produ\u00e7\u00e3o de conhecimento sobre as m\u00faltiplas dimens\u00f5es da viol\u00eancia sexual contra homens, em articula\u00e7\u00e3o com os estudos de g\u00eanero, masculinidades, sa\u00fade, direitos humanos<a class=\"more-link\" href=\"https:\/\/memoriasmasculinas.org\/site\/grupo-de-estudos\/\">Continuar lendo <span class=\"screen-reader-text\">&#8220;Grupo de Estudos&#8221;<\/span><\/a><\/p>\n","protected":false},"author":1,"featured_media":0,"parent":0,"menu_order":0,"comment_status":"closed","ping_status":"closed","template":"","meta":{"footnotes":""},"class_list":["post-761","page","type-page","status-publish","hentry","entry"],"_links":{"self":[{"href":"https:\/\/memoriasmasculinas.org\/site\/wp-json\/wp\/v2\/pages\/761","targetHints":{"allow":["GET"]}}],"collection":[{"href":"https:\/\/memoriasmasculinas.org\/site\/wp-json\/wp\/v2\/pages"}],"about":[{"href":"https:\/\/memoriasmasculinas.org\/site\/wp-json\/wp\/v2\/types\/page"}],"author":[{"embeddable":true,"href":"https:\/\/memoriasmasculinas.org\/site\/wp-json\/wp\/v2\/users\/1"}],"replies":[{"embeddable":true,"href":"https:\/\/memoriasmasculinas.org\/site\/wp-json\/wp\/v2\/comments?post=761"}],"version-history":[{"count":7,"href":"https:\/\/memoriasmasculinas.org\/site\/wp-json\/wp\/v2\/pages\/761\/revisions"}],"predecessor-version":[{"id":779,"href":"https:\/\/memoriasmasculinas.org\/site\/wp-json\/wp\/v2\/pages\/761\/revisions\/779"}],"wp:attachment":[{"href":"https:\/\/memoriasmasculinas.org\/site\/wp-json\/wp\/v2\/media?parent=761"}],"curies":[{"name":"wp","href":"https:\/\/api.w.org\/{rel}","templated":true}]}}