{"id":728,"date":"2025-06-26T19:56:50","date_gmt":"2025-06-26T22:56:50","guid":{"rendered":"https:\/\/memoriasmasculinas.org\/site\/?page_id=728"},"modified":"2026-03-01T10:57:57","modified_gmt":"2026-03-01T13:57:57","slug":"memorias-masculinas-na-midia","status":"publish","type":"page","link":"https:\/\/memoriasmasculinas.org\/site\/memorias-masculinas-na-midia\/","title":{"rendered":"Mem\u00f3rias Masculinas na m\u00eddia"},"content":{"rendered":"\n<p>.<\/p>\n\n\n\n<h3 class=\"wp-block-heading\">Reportagens<\/h3>\n\n\n\n<p><strong>El Pa\u00eds (2021)<br><\/strong><a href=\"http:\/\/brasil.elpais.com\/brasil\/2021-03-23\/homens-e-meninos-tambem-sofrem-abuso-sexual-eles-estao-aprendendo-a-pedir-ajuda.html\" data-type=\"link\" data-id=\"http:\/\/brasil.elpais.com\/brasil\/2021-03-23\/homens-e-meninos-tambem-sofrem-abuso-sexual-eles-estao-aprendendo-a-pedir-ajuda.html\" target=\"_blank\" rel=\"noreferrer noopener\">Homens e meninos tamb\u00e9m sofrem abuso sexual. Eles est\u00e3o aprendendo a pedir ajuda<\/a><\/p>\n\n\n\n<p><strong>PapoDeHomem (2021)<br><\/strong><a href=\"http:\/\/papodehomem.com.br\/violencia-sexual-contra-meninos-e-homens\" data-type=\"link\" data-id=\"http:\/\/papodehomem.com.br\/violencia-sexual-contra-meninos-e-homens\" target=\"_blank\" rel=\"noreferrer noopener\">Viol\u00eancia sexual contra meninos e homens<\/a><\/p>\n\n\n\n<p><strong>Gay Blog BR (2021)<br><\/strong><a href=\"https:\/\/gay.blog.br\/saude\/organizacao-se-dispoe-a-atender-homens-vitimas-de-violencia-sexual-no-brasil\" data-type=\"link\" data-id=\"https:\/\/gay.blog.br\/saude\/organizacao-se-dispoe-a-atender-homens-vitimas-de-violencia-sexual-no-brasil\" target=\"_blank\" rel=\"noreferrer noopener\">Organiza\u00e7\u00e3o social foca na assist\u00eancia a homens v\u00edtimas de viol\u00eancia sexual no Brasil<\/a><\/p>\n\n\n\n<p><strong>Folha de S.Paulo (2022)<br><\/strong><a href=\"http:\/\/www1.folha.uol.com.br\/equilibrioesaude\/2022\/05\/ong-acolhe-homens-vitimas-de-abuso-sexual-e-amplia-atencao-psicologica.shtml\" data-type=\"link\" data-id=\"http:\/\/www1.folha.uol.com.br\/equilibrioesaude\/2022\/05\/ong-acolhe-homens-vitimas-de-abuso-sexual-e-amplia-atencao-psicologica.shtml\" target=\"_blank\" rel=\"noreferrer noopener\">ONG atende homens v\u00edtimas de abuso sexual<\/a><\/p>\n\n\n\n<p><strong>O Tempo (2022)<br><\/strong><a href=\"https:\/\/www.otempo.com.br\/brasil\/violencia-sexual-contra-homens-atinge-1-8-milhao-e-silencio-dificulta-ajuda-1.2688786\" data-type=\"link\" data-id=\"https:\/\/www.otempo.com.br\/brasil\/violencia-sexual-contra-homens-atinge-1-8-milhao-e-silencio-dificulta-ajuda-1.2688786\" target=\"_blank\" rel=\"noreferrer noopener\">Viol\u00eancia sexual contra homens atinge 1,8 milh\u00e3o e sil\u00eancio dificulta ajuda<\/a><\/p>\n\n\n\n<p><strong>O Povo (2022)<br><\/strong><a href=\"https:\/\/mais.opovo.com.br\/jornal\/paginas-azuis\/2022\/07\/11\/as-decadas-de-silencio-que-marcam-os-homens-vitimas-de-violencia-sexual.html\" data-type=\"link\" data-id=\"https:\/\/mais.opovo.com.br\/jornal\/paginas-azuis\/2022\/07\/11\/as-decadas-de-silencio-que-marcam-os-homens-vitimas-de-violencia-sexual.html\" target=\"_blank\" rel=\"noreferrer noopener\">As d\u00e9cadas de sil\u00eancio que marcam os homens v\u00edtimas de viol\u00eancia sexual<\/a><\/p>\n\n\n\n<p><strong>Pesquisa FAPESP (2024)<br><\/strong><a href=\"http:\/\/revistapesquisa.fapesp.br\/violencia-sexual-contra-homens-e-subnotificada\" data-type=\"link\" data-id=\"http:\/\/revistapesquisa.fapesp.br\/violencia-sexual-contra-homens-e-subnotificada\" target=\"_blank\" rel=\"noreferrer noopener\">Viol\u00eancia sexual contra homens \u00e9 subnotificada<\/a><\/p>\n\n\n\n<p><strong>SBT News (2024)<br><\/strong><a href=\"http:\/\/sbtnews.sbt.com.br\/noticia\/saude\/bebe-rena-homens-sao-vitimas-de-violencia-sexual-mas-quase-nao-falam-sobre-o-assunto\" data-type=\"link\" data-id=\"http:\/\/sbtnews.sbt.com.br\/noticia\/saude\/bebe-rena-homens-sao-vitimas-de-violencia-sexual-mas-quase-nao-falam-sobre-o-assunto\" target=\"_blank\" rel=\"noreferrer noopener\">Beb\u00ea Rena: Homens tamb\u00e9m s\u00e3o v\u00edtimas de viol\u00eancia sexual \u2013 mas quase n\u00e3o falam sobre o assunto<\/a><\/p>\n\n\n\n<p><strong>Intercept (2024)<br><\/strong><a href=\"http:\/\/www.intercept.com.br\/2024\/12\/23\/por-que-eles-nao-reagiram-ao-abuso\" data-type=\"link\" data-id=\"http:\/\/www.intercept.com.br\/2024\/12\/23\/por-que-eles-nao-reagiram-ao-abuso\" target=\"_blank\" rel=\"noreferrer noopener\">Estigma contra homens v\u00edtimas de abuso sexual perpetua sil\u00eancio e impunidade<\/a><\/p>\n\n\n\n<p><strong>Metr\u00f3poles (2025)<br><\/strong><a href=\"http:\/\/www.metropoles.com\/brasil\/em-5-anos-45-mil-homens-foram-vitimas-de-violencia-sexual-no-brasil\" data-type=\"link\" data-id=\"http:\/\/www.metropoles.com\/brasil\/em-5-anos-45-mil-homens-foram-vitimas-de-violencia-sexual-no-brasil\" target=\"_blank\" rel=\"noreferrer noopener\">Em 5 anos, 45 mil homens foram v\u00edtimas de viol\u00eancia sexual no Brasil<\/a><\/p>\n\n\n\n<p><strong>BBC News Brasil (2025)<br><\/strong><a href=\"http:\/\/www.bbc.com\/portuguese\/articles\/ckgxwdy1evzo\" data-type=\"link\" data-id=\"http:\/\/www.bbc.com\/portuguese\/articles\/ckgxwdy1evzo\" target=\"_blank\" rel=\"noreferrer noopener\">&#8216;Minha prima abusou de mim e s\u00f3 hoje vejo como foi problem\u00e1tico&#8217;: o tabu da viol\u00eancia sexual contra meninos e homens no Brasil<\/a><\/p>\n\n\n\n<p><strong>DOL (2025)<br><\/strong><a href=\"https:\/\/amp.dol.com.br\/noticias\/brasil\/905998\/estupros-contra-homens-batem-recorde-em-janeiro-de-2025\" data-type=\"link\" data-id=\"https:\/\/amp.dol.com.br\/noticias\/brasil\/905998\/estupros-contra-homens-batem-recorde-em-janeiro-de-2025\" target=\"_blank\" rel=\"noreferrer noopener\">Estupros contra homens batem recorde em janeiro de 2025<\/a><\/p>\n\n\n\n<p><strong>Globo.com (2025)<br><\/strong><a href=\"https:\/\/gq.globo.com\/noticias\/noticia\/2025\/04\/homens-relatam-abuso-sexual-na-infancia.ghtml\" data-type=\"link\" data-id=\"https:\/\/gq.globo.com\/noticias\/noticia\/2025\/04\/homens-relatam-abuso-sexual-na-infancia.ghtml\" target=\"_blank\" rel=\"noreferrer noopener\">Homens quebram sil\u00eancio e relatam abuso sexual na inf\u00e2ncia: \u201cAconteceu comigo e com os meus filhos, mas o agressor nunca foi preso\u201d<\/a><\/p>\n\n\n\n<p><strong>Jornal Di\u00e1rio do Povo (2025)<br><\/strong><a href=\"https:\/\/diario.dopovo.com.br\/2025\/05\/11\/violencia-sexual-masculina-no-brasil-dados-alarmantes-de-2020-a-2024\" data-type=\"link\" data-id=\"https:\/\/diario.dopovo.com.br\/2025\/05\/11\/violencia-sexual-masculina-no-brasil-dados-alarmantes-de-2020-a-2024\" target=\"_blank\" rel=\"noreferrer noopener\">Viol\u00eancia sexual masculina no Brasil: dados alarmantes de 2020 a 2024<\/a><\/p>\n\n\n\n<p><strong>Estad\u00e3o (2025)<br><\/strong><a href=\"https:\/\/www.estadao.com.br\/politica\/blog-do-fausto-macedo\/violencia-sexual-no-brasil-contra-homens-cresce-quase-30-em-4-anos\" data-type=\"link\" data-id=\"https:\/\/www.estadao.com.br\/politica\/blog-do-fausto-macedo\/violencia-sexual-no-brasil-contra-homens-cresce-quase-30-em-4-anos\" target=\"_blank\" rel=\"noreferrer noopener\">Viol\u00eancia sexual no Brasil contra homens cresce quase 30% em 4 anos<\/a><\/p>\n\n\n\n<p><strong>UOL (2025)<br><\/strong><a href=\"https:\/\/noticias.uol.com.br\/ultimas-noticias\/deutschewelle\/2025\/08\/11\/tabu-dificulta-combate-a-violencia-sexual-contra-homens-e-meninos.htm\" target=\"_blank\" rel=\"noreferrer noopener\">Tabu dificulta combate \u00e0 viol\u00eancia sexual contra homens e meninos<\/a><\/p>\n\n\n\n<p><strong>Folha de S.Paulo (2025)<br><\/strong><a href=\"https:\/\/www1.folha.uol.com.br\/cotidiano\/2025\/08\/abuso-de-mulheres-contra-meninos-se-confunde-com-iniciacao-sexual.shtml\" target=\"_blank\" rel=\"noreferrer noopener\">Abuso de mulheres contra meninos se confunde com inicia\u00e7\u00e3o sexual<\/a><\/p>\n\n\n\n<p><strong>UOL (2025)<br><\/strong><a href=\"https:\/\/noticias.uol.com.br\/ultimas-noticias\/redacao\/2025\/09\/09\/nao-falava-para-proteger-masculinidade-o-tabu-do-estupro-de-homens.htm\" target=\"_blank\" rel=\"noreferrer noopener\">&#8216;N\u00e3o falava para proteger masculinidade&#8217;: o tabu do estupro contra homens<\/a><\/p>\n\n\n\n<p><strong>UOL (2026)<br><\/strong><a href=\"https:\/\/www.uol.com.br\/esporte\/futebol\/ultimas-noticias\/2026\/02\/23\/condenado-por-abuso-contra-menores-usava-sonho-do-futebol-para-aliciamento.htm\" target=\"_blank\" rel=\"noreferrer noopener\">Fotos em troca de Pix: publicit\u00e1rio usava futebol de base para assediar<\/a><\/p>\n\n\n\n<p>.<\/p>\n\n\n\n<h3 class=\"wp-block-heading\">V\u00eddeos<\/h3>\n\n\n<p><strong>Rafabr Ilustra (Pornolhices) (2021)<br \/><\/strong>Homens v\u00edtimas de viol\u00eancia sexual &#8211; Denis Ferreira &#8211; Mem\u00f3rias Masculinas<\/p>\n<p style=\"text-align: center;\"><iframe loading=\"lazy\" title=\"YouTube video player\" src=\"https:\/\/www.youtube.com\/embed\/GzcdgZ3NIpU?si=5qaT1qdyTF7Gzl0w\" width=\"560\" height=\"315\" frameborder=\"0\" allowfullscreen=\"allowfullscreen\"><\/iframe><\/p>\n\n\n<p><p><strong>Trocando Ideias &#8211; Mariana Meneghinni (2021)<br><\/strong>Mem\u00f3rias masculinas: um espa\u00e7o de escuta exclusivo para homens<br><\/p><iframe loading=\"lazy\" width=\"560\" height=\"315\" src=\"https:\/\/www.youtube.com\/embed\/E-Jvle9fF3I?si=WQsMiS_T4804kq4a\" title=\"YouTube video player\" frameborder=\"0\" allow=\"accelerometer; autoplay; clipboard-write; encrypted-media; gyroscope; picture-in-picture; web-share\" referrerpolicy=\"strict-origin-when-cross-origin\" allowfullscreen=\"\"><\/iframe><\/p>\n\n\n\n<p class=\"has-text-align-left\"><p><strong>Balaio de Pandora (2022)<br><\/strong>Viol\u00eancias Sexuais Contra Meninos e Homens<br><\/p><iframe loading=\"lazy\" width=\"560\" height=\"315\" src=\"https:\/\/www.youtube.com\/embed\/ZpDgWvbV6k8?si=Inm6L4SfIIBPkwJM\" title=\"YouTube video player\" frameborder=\"0\" allow=\"accelerometer; autoplay; clipboard-write; encrypted-media; gyroscope; picture-in-picture; web-share\" referrerpolicy=\"strict-origin-when-cross-origin\" allowfullscreen=\"\"><\/iframe><\/p>\n\n\n\n<p><strong>Terra Brasil (2025)<br><\/strong>\u201cOs agressores s\u00e3o majoritariamente pessoas pr\u00f3ximas\u201d, diz psic\u00f3logo<\/p>\n\n\n\n<p class=\"has-text-align-center\"><iframe loading=\"lazy\" width=\"560\" height=\"315\" src=\"https:\/\/www.youtube.com\/embed\/z9xcPm5mW3k?si=jD7ixGzHL6EECxV0\" title=\"YouTube video player\" frameborder=\"0\" allow=\"accelerometer; autoplay; clipboard-write; encrypted-media; gyroscope; picture-in-picture; web-share\" referrerpolicy=\"strict-origin-when-cross-origin\" allowfullscreen=\"\"><\/iframe><\/p>\n\n\n\n<p>.<\/p>\n\n\n\n<h3 class=\"wp-block-heading\">PodCast<\/h3>\n\n\n\n<p><strong>Tudo Gay? (2021)<br><\/strong>Abuso sexual de meninos e homens no Brasil &#8211; Mem\u00f3rias Masculinas<\/p>\n\n\n<p><iframe loading=\"lazy\" src=\"https:\/\/creators.spotify.com\/pod\/profile\/dannbonfim\/embed\/episodes\/16-Abuso-sexual-de-meninos-e-homens-no-Brasil---Memrias-Masculinas-et00as\/a-a5007ks\" height=\"204px\" width=\"800px\" frameborder=\"0\" scrolling=\"no\"><\/iframe><\/p>\n\n\n<p><strong>Dialogando (2023)<br><\/strong>O sil\u00eancio entre homens e meninos que sofrem viol\u00eancia sexual<\/p>\n\n\n<p><iframe loading=\"lazy\" title=\"#36 O sil\u00eancio entre homens e meninos que sofrem ass\u00e9dio sexual\" src=\"https:\/\/widget.spreaker.com\/player?episode_id=54358467&amp;theme=dark&amp;chapters-image=true\" width=\"100%\" height=\"200px\" frameborder=\"0\"><\/iframe><\/p>","protected":false},"excerpt":{"rendered":"<p>. Reportagens El Pa\u00eds (2021)Homens e meninos tamb\u00e9m sofrem abuso sexual. Eles est\u00e3o aprendendo a pedir ajuda PapoDeHomem (2021)Viol\u00eancia sexual contra meninos e homens Gay Blog BR (2021)Organiza\u00e7\u00e3o social foca na assist\u00eancia a homens v\u00edtimas de viol\u00eancia sexual no Brasil Folha de S.Paulo (2022)ONG atende homens v\u00edtimas de abuso sexual O Tempo (2022)Viol\u00eancia sexual contra<a class=\"more-link\" href=\"https:\/\/memoriasmasculinas.org\/site\/memorias-masculinas-na-midia\/\">Continuar lendo <span class=\"screen-reader-text\">&#8220;Mem\u00f3rias Masculinas na m\u00eddia&#8221;<\/span><\/a><\/p>\n","protected":false},"author":1,"featured_media":0,"parent":0,"menu_order":0,"comment_status":"closed","ping_status":"closed","template":"","meta":{"footnotes":""},"class_list":["post-728","page","type-page","status-publish","hentry","entry"],"_links":{"self":[{"href":"https:\/\/memoriasmasculinas.org\/site\/wp-json\/wp\/v2\/pages\/728","targetHints":{"allow":["GET"]}}],"collection":[{"href":"https:\/\/memoriasmasculinas.org\/site\/wp-json\/wp\/v2\/pages"}],"about":[{"href":"https:\/\/memoriasmasculinas.org\/site\/wp-json\/wp\/v2\/types\/page"}],"author":[{"embeddable":true,"href":"https:\/\/memoriasmasculinas.org\/site\/wp-json\/wp\/v2\/users\/1"}],"replies":[{"embeddable":true,"href":"https:\/\/memoriasmasculinas.org\/site\/wp-json\/wp\/v2\/comments?post=728"}],"version-history":[{"count":29,"href":"https:\/\/memoriasmasculinas.org\/site\/wp-json\/wp\/v2\/pages\/728\/revisions"}],"predecessor-version":[{"id":851,"href":"https:\/\/memoriasmasculinas.org\/site\/wp-json\/wp\/v2\/pages\/728\/revisions\/851"}],"wp:attachment":[{"href":"https:\/\/memoriasmasculinas.org\/site\/wp-json\/wp\/v2\/media?parent=728"}],"curies":[{"name":"wp","href":"https:\/\/api.w.org\/{rel}","templated":true}]}}