{"id":59,"date":"2020-07-06T15:06:46","date_gmt":"2020-07-06T18:06:46","guid":{"rendered":"https:\/\/memoriasmasculinas.wordpress.com\/?page_id=59"},"modified":"2026-01-23T19:56:53","modified_gmt":"2026-01-23T22:56:53","slug":"quero-ajudar","status":"publish","type":"page","link":"https:\/\/memoriasmasculinas.org\/site\/quero-ajudar\/","title":{"rendered":"Quero ajudar"},"content":{"rendered":"\n<p class=\"has-text-color\" style=\"color:#465c5f\">Se voc\u00ea \u00e9 um\/a psic\u00f3loga\/o e deseja se envolver em trabalho volunt\u00e1rio, aqui est\u00e1 uma excelente oportunidade para voc\u00ea colaborar. Para que possamos realizar seu cadastro como volunt\u00e1ria\/o, precisaremos que preencha o formul\u00e1rio e aceite as condi\u00e7\u00f5es do <a href=\"https:\/\/drive.google.com\/file\/d\/1U1oJgokk3JiT2y-SA_9gKw78ObUrYG0K\/view\" target=\"_blank\" rel=\"noreferrer noopener\">Termo de Voluntariado do Mem\u00f3ria<\/a>. Uma vez que nos envie o formul\u00e1rio, faremos contato com voc\u00ea em breve para agilizar sua participa\u00e7\u00e3o.<\/p>\n\n\n\n<p class=\"has-text-color\" style=\"color:#465c5f\">O que \u00e9 importante voc\u00ea saber sobre nosso programa de voluntariado:<\/p>\n\n\n\n<ol style=\"color:#465c5f\" class=\"wp-block-list has-text-color\">\n<li>O atendimento que oferecemos aos homens que foram v\u00edtimas de viol\u00eancia sexual \u00e9 na modalidade de Plant\u00e3o Psicol\u00f3gico;<\/li>\n\n\n\n<li>O atendimento no \u00e2mbito do Mem\u00f3rias Masculinas \u00e9 gratuito;<\/li>\n\n\n\n<li>Oferecemos uma capacita\u00e7\u00e3o para todas\/os as\/os volunt\u00e1rias\/os com direito a material did\u00e1tico e a certificado;<\/li>\n\n\n\n<li>Voc\u00ea poder\u00e1 entrar em contato com diversas\/os psic\u00f3logas\/os e compor uma rede profissional.<\/li>\n<\/ol>\n\n\n\n<p class=\"has-text-color\" style=\"color:#465c5f\"><a href=\"https:\/\/drive.google.com\/file\/d\/1U1oJgokk3JiT2y-SA_9gKw78ObUrYG0K\/view\" target=\"_blank\" rel=\"noreferrer noopener\">Fa\u00e7a o download do Termo de Voluntariado do Mem\u00f3rias Masculinas clicando aqui<\/a>. Voc\u00ea poder\u00e1 nos enviar o documento assinado antes da capacita\u00e7\u00e3o.<\/p>\n\n\n<div class=\"wpforms-container wpforms-container-full\" id=\"wpforms-565\"><form id=\"wpforms-form-565\" class=\"wpforms-validate wpforms-form\" data-formid=\"565\" method=\"post\" enctype=\"multipart\/form-data\" action=\"\/site\/wp-json\/wp\/v2\/pages\/59\" data-token=\"c99712afeefa0389e521526675552e9c\" data-token-time=\"1777074581\"><noscript class=\"wpforms-error-noscript\">Ative o JavaScript no seu navegador para preencher este formul\u00e1rio.<\/noscript><div class=\"wpforms-field-container\"><div id=\"wpforms-565-field_1-container\" class=\"wpforms-field wpforms-field-text\" data-field-id=\"1\"><label class=\"wpforms-field-label wpforms-label-hide\" for=\"wpforms-565-field_1\">Nome completo <span class=\"wpforms-required-label\">*<\/span><\/label><input type=\"text\" id=\"wpforms-565-field_1\" class=\"wpforms-field-large wpforms-field-required\" name=\"wpforms[fields][1]\" placeholder=\"Nome completo\" required><\/div><div id=\"wpforms-565-field_8-container\" class=\"wpforms-field wpforms-field-text\" data-field-id=\"8\"><label class=\"wpforms-field-label wpforms-label-hide\" for=\"wpforms-565-field_8\">CRP <span class=\"wpforms-required-label\">*<\/span><\/label><input type=\"text\" id=\"wpforms-565-field_8\" class=\"wpforms-field-large wpforms-field-required\" name=\"wpforms[fields][8]\" placeholder=\"Seu CRP\" required><\/div><div id=\"wpforms-565-field_9-container\" class=\"wpforms-field wpforms-field-text\" data-field-id=\"9\"><label class=\"wpforms-field-label wpforms-label-hide\" for=\"wpforms-565-field_9\">Data de nascimento <span class=\"wpforms-required-label\">*<\/span><\/label><input type=\"text\" id=\"wpforms-565-field_9\" class=\"wpforms-field-large wpforms-field-required\" name=\"wpforms[fields][9]\" placeholder=\"Data de nascimento\" required><div class=\"wpforms-field-description\">Ex: 09\/02\/1991<\/div><\/div><div id=\"wpforms-565-field_3-container\" class=\"wpforms-field wpforms-field-email\" data-field-id=\"3\"><label class=\"wpforms-field-label wpforms-label-hide\" for=\"wpforms-565-field_3\">Email <span class=\"wpforms-required-label\">*<\/span><\/label><input type=\"email\" id=\"wpforms-565-field_3\" class=\"wpforms-field-large wpforms-field-required\" name=\"wpforms[fields][3]\" placeholder=\"Email\" spellcheck=\"false\" required><div class=\"wpforms-field-description\">Informe seu email mais utilizado<\/div><\/div><div id=\"wpforms-565-field_4-container\" class=\"wpforms-field wpforms-field-text\" data-field-id=\"4\"><label class=\"wpforms-field-label wpforms-label-hide\" for=\"wpforms-565-field_4\">Telefone <span class=\"wpforms-required-label\">*<\/span><\/label><input type=\"text\" id=\"wpforms-565-field_4\" class=\"wpforms-field-large wpforms-field-required\" name=\"wpforms[fields][4]\" placeholder=\"Telefone\" required><\/div><div id=\"wpforms-565-field_5-container\" class=\"wpforms-field wpforms-field-text\" data-field-id=\"5\"><label class=\"wpforms-field-label wpforms-label-hide\" for=\"wpforms-565-field_5\">Cidade <span class=\"wpforms-required-label\">*<\/span><\/label><input type=\"text\" id=\"wpforms-565-field_5\" class=\"wpforms-field-large wpforms-field-required\" name=\"wpforms[fields][5]\" placeholder=\"Cidade\" required><\/div><div id=\"wpforms-565-field_6-container\" class=\"wpforms-field wpforms-field-text\" data-field-id=\"6\"><label class=\"wpforms-field-label wpforms-label-hide\" for=\"wpforms-565-field_6\">Estado <span class=\"wpforms-required-label\">*<\/span><\/label><input type=\"text\" id=\"wpforms-565-field_6\" class=\"wpforms-field-large wpforms-field-required\" name=\"wpforms[fields][6]\" placeholder=\"Estado\" required><\/div><div id=\"wpforms-565-field_7-container\" class=\"wpforms-field wpforms-field-textarea\" data-field-id=\"7\"><label class=\"wpforms-field-label wpforms-label-hide\" for=\"wpforms-565-field_7\">Mensagem <span class=\"wpforms-required-label\">*<\/span><\/label><textarea id=\"wpforms-565-field_7\" class=\"wpforms-field-large wpforms-field-required\" name=\"wpforms[fields][7]\" placeholder=\"Sua mensagem\" required><\/textarea><\/div><\/div><!-- .wpforms-field-container --><div class=\"wpforms-submit-container\" ><input type=\"hidden\" name=\"wpforms[id]\" value=\"565\"><input type=\"hidden\" name=\"page_title\" value=\"\"><input type=\"hidden\" name=\"page_url\" value=\"https:\/\/memoriasmasculinas.org\/site\/wp-json\/wp\/v2\/pages\/59\"><input type=\"hidden\" name=\"url_referer\" value=\"\"><button type=\"submit\" name=\"wpforms[submit]\" id=\"wpforms-submit-565\" class=\"wpforms-submit\" data-alt-text=\"Enviando...\" data-submit-text=\"Enviar\" aria-live=\"assertive\" value=\"wpforms-submit\">Enviar<\/button><\/div><\/form><\/div>  <!-- .wpforms-container -->\n\n\n\n<p>.<\/p>\n\n\n\n<h2 class=\"wp-block-heading\">Edital de Convoca\u00e7\u00e3o<\/h2>\n\n\n\n<p>O Presidente da Associa\u00e7\u00e3o <strong>Mem\u00f3rias Masculinas<\/strong>, Sr. Denis Gon\u00e7alves Ferreira, no uso de suas atribui\u00e7\u00f5es legais e estatut\u00e1rias, convoca todos os participantes ativos do processo de reestrutura\u00e7\u00e3o da entidade, bem como o p\u00fablico interessado para a Assembleia Geral Extraordin\u00e1ria, a ser realizada de forma virtual, no dia 7 de fevereiro de 2026, \u00e0s 10h00, por meio de plataforma <em>online<\/em>.<\/p>\n\n\n\n<p>Para mais informa\u00e7\u00f5es, <a href=\"https:\/\/memoriasmasculinas.org\/site\/wp-content\/uploads\/2026\/01\/Edital_de_convocacao_MM_assinado.pdf\" target=\"_blank\" rel=\"noreferrer noopener\">clique aqui<\/a>.<\/p>\n\n\n\n<p><\/p>\n","protected":false},"excerpt":{"rendered":"<p>Se voc\u00ea \u00e9 um\/a psic\u00f3loga\/o e deseja se envolver em trabalho volunt\u00e1rio, aqui est\u00e1 uma excelente oportunidade para voc\u00ea colaborar. Para que possamos realizar seu cadastro como volunt\u00e1ria\/o, precisaremos que preencha o formul\u00e1rio e aceite as condi\u00e7\u00f5es do Termo de Voluntariado do Mem\u00f3ria. Uma vez que nos envie o formul\u00e1rio, faremos contato com voc\u00ea em<a class=\"more-link\" href=\"https:\/\/memoriasmasculinas.org\/site\/quero-ajudar\/\">Continuar lendo <span class=\"screen-reader-text\">&#8220;Quero ajudar&#8221;<\/span><\/a><\/p>\n","protected":false},"author":2,"featured_media":0,"parent":0,"menu_order":0,"comment_status":"closed","ping_status":"closed","template":"","meta":{"footnotes":""},"class_list":["post-59","page","type-page","status-publish","hentry","entry"],"_links":{"self":[{"href":"https:\/\/memoriasmasculinas.org\/site\/wp-json\/wp\/v2\/pages\/59","targetHints":{"allow":["GET"]}}],"collection":[{"href":"https:\/\/memoriasmasculinas.org\/site\/wp-json\/wp\/v2\/pages"}],"about":[{"href":"https:\/\/memoriasmasculinas.org\/site\/wp-json\/wp\/v2\/types\/page"}],"author":[{"embeddable":true,"href":"https:\/\/memoriasmasculinas.org\/site\/wp-json\/wp\/v2\/users\/2"}],"replies":[{"embeddable":true,"href":"https:\/\/memoriasmasculinas.org\/site\/wp-json\/wp\/v2\/comments?post=59"}],"version-history":[{"count":17,"href":"https:\/\/memoriasmasculinas.org\/site\/wp-json\/wp\/v2\/pages\/59\/revisions"}],"predecessor-version":[{"id":842,"href":"https:\/\/memoriasmasculinas.org\/site\/wp-json\/wp\/v2\/pages\/59\/revisions\/842"}],"wp:attachment":[{"href":"https:\/\/memoriasmasculinas.org\/site\/wp-json\/wp\/v2\/media?parent=59"}],"curies":[{"name":"wp","href":"https:\/\/api.w.org\/{rel}","templated":true}]}}