{"id":406,"date":"2020-12-01T22:09:39","date_gmt":"2020-12-02T01:09:39","guid":{"rendered":"https:\/\/memoriasmasculinas.wordpress.com\/?page_id=406"},"modified":"2025-06-26T19:24:56","modified_gmt":"2025-06-26T22:24:56","slug":"o-que-e","status":"publish","type":"page","link":"https:\/\/memoriasmasculinas.org\/site\/o-que-e\/","title":{"rendered":"O que \u00e9"},"content":{"rendered":"\n<h5 class=\"wp-block-heading\">Viol\u00eancia sexual<\/h5>\n\n\n\n<p>Muitas pessoas ainda acham que a viol\u00eancia sexual se trata, exclusivamente, do ato de um adulto ter rela\u00e7\u00f5es sexuais com uma crian\u00e7a ou adolescente, mas a defini\u00e7\u00e3o de viol\u00eancia sexual \u00e9 mais abrangente.<\/p>\n\n\n\n<p>De acordo com a <strong>Organiza\u00e7\u00e3o Mundial da Sa\u00fade<\/strong> (OMS) em seu primeiro relat\u00f3rio sobre <em>Viol\u00eancia e Sa\u00fade<\/em> de 2002, a viol\u00eancia sexual \u00e9:<\/p>\n\n\n\n<figure class=\"wp-block-pullquote\"><blockquote><p><em><sup>\u201cqualquer ato sexual, tentativa de obter um ato sexual, coment\u00e1rios ou investidas sexuais indesejadas, ou atos direcionados ao tr\u00e1fico sexual ou, de alguma forma, voltados contra a sexualidade de uma pessoa usando a coa\u00e7\u00e3o, praticados por qualquer pessoa independentemente de sua rela\u00e7\u00e3o com a v\u00edtima, em qualquer cen\u00e1rio, inclusive em casa e no trabalho, mas n\u00e3o limitado a eles. A coa\u00e7\u00e3o pode abranger diversos graus de for\u00e7a. Al\u00e9m da for\u00e7a f\u00edsica, ela pode envolver intimida\u00e7\u00e3o psicol\u00f3gica, chantagem ou outras amea\u00e7as&#8221;<\/sup><\/em><\/p><\/blockquote><\/figure>\n\n\n\n<p>Nesse sentido, podemos concluir que todo comportamento sexual em dire\u00e7\u00e3o a outra pessoa que n\u00e3o consinta com esse comportamento \u00e9 uma viol\u00eancia sexual, ou seja, ela pode ser desde palavras obscenas at\u00e9 intera\u00e7\u00f5es sexuais com contato f\u00edsico. A ilustra\u00e7\u00e3o abaixo ajuda a visualizar melhor todas as formas de viol\u00eancia sexual:<\/p>\n\n\n\n<figure class=\"wp-block-image size-large\"><img loading=\"lazy\" decoding=\"async\" width=\"1024\" height=\"576\" src=\"https:\/\/memoriasmasculinas.org\/site\/wp-content\/uploads\/2021\/02\/Grafico_1_Violencias_Sexuais--1024x576.png\" alt=\"Infogr\u00e1fico\" class=\"wp-image-635\" srcset=\"https:\/\/memoriasmasculinas.org\/site\/wp-content\/uploads\/2021\/02\/Grafico_1_Violencias_Sexuais--1024x576.png 1024w, https:\/\/memoriasmasculinas.org\/site\/wp-content\/uploads\/2021\/02\/Grafico_1_Violencias_Sexuais--300x169.png 300w, https:\/\/memoriasmasculinas.org\/site\/wp-content\/uploads\/2021\/02\/Grafico_1_Violencias_Sexuais--768x432.png 768w, https:\/\/memoriasmasculinas.org\/site\/wp-content\/uploads\/2021\/02\/Grafico_1_Violencias_Sexuais-.png 1366w\" sizes=\"auto, (max-width: 1024px) 100vw, 1024px\" \/><\/figure>\n\n\n\n<p>Se voc\u00ea se identificou com alguma situa\u00e7\u00e3o apresentada na ilustra\u00e7\u00e3o e quer falar com um\/a psic\u00f3loga\/o sobre o que aconteceu, <a href=\"https:\/\/memoriasmasculinas.org\/site\/quero-ajuda\/\">clique aqui<\/a> que iremos lhe colocar em contato com um\/a volunt\u00e1ria\/o do <strong>Mem\u00f3rias Masculinas<\/strong> para realizar um atendimento.<\/p>\n","protected":false},"excerpt":{"rendered":"<p>Viol\u00eancia sexual Muitas pessoas ainda acham que a viol\u00eancia sexual se trata, exclusivamente, do ato de um adulto ter rela\u00e7\u00f5es sexuais com uma crian\u00e7a ou adolescente, mas a defini\u00e7\u00e3o de viol\u00eancia sexual \u00e9 mais abrangente. De acordo com a Organiza\u00e7\u00e3o Mundial da Sa\u00fade (OMS) em seu primeiro relat\u00f3rio sobre Viol\u00eancia e Sa\u00fade de 2002, a<a class=\"more-link\" href=\"https:\/\/memoriasmasculinas.org\/site\/o-que-e\/\">Continuar lendo <span class=\"screen-reader-text\">&#8220;O que \u00e9&#8221;<\/span><\/a><\/p>\n","protected":false},"author":2,"featured_media":0,"parent":0,"menu_order":0,"comment_status":"closed","ping_status":"closed","template":"","meta":{"footnotes":""},"class_list":["post-406","page","type-page","status-publish","hentry","entry"],"_links":{"self":[{"href":"https:\/\/memoriasmasculinas.org\/site\/wp-json\/wp\/v2\/pages\/406","targetHints":{"allow":["GET"]}}],"collection":[{"href":"https:\/\/memoriasmasculinas.org\/site\/wp-json\/wp\/v2\/pages"}],"about":[{"href":"https:\/\/memoriasmasculinas.org\/site\/wp-json\/wp\/v2\/types\/page"}],"author":[{"embeddable":true,"href":"https:\/\/memoriasmasculinas.org\/site\/wp-json\/wp\/v2\/users\/2"}],"replies":[{"embeddable":true,"href":"https:\/\/memoriasmasculinas.org\/site\/wp-json\/wp\/v2\/comments?post=406"}],"version-history":[{"count":11,"href":"https:\/\/memoriasmasculinas.org\/site\/wp-json\/wp\/v2\/pages\/406\/revisions"}],"predecessor-version":[{"id":723,"href":"https:\/\/memoriasmasculinas.org\/site\/wp-json\/wp\/v2\/pages\/406\/revisions\/723"}],"wp:attachment":[{"href":"https:\/\/memoriasmasculinas.org\/site\/wp-json\/wp\/v2\/media?parent=406"}],"curies":[{"name":"wp","href":"https:\/\/api.w.org\/{rel}","templated":true}]}}