{"id":371,"date":"2020-10-19T18:51:47","date_gmt":"2020-10-19T21:51:47","guid":{"rendered":"https:\/\/memoriasmasculinas.wordpress.com\/?page_id=371"},"modified":"2026-04-18T22:43:14","modified_gmt":"2026-04-19T01:43:14","slug":"material-de-apoio","status":"publish","type":"page","link":"https:\/\/memoriasmasculinas.org\/site\/material-de-apoio\/","title":{"rendered":"Material de apoio"},"content":{"rendered":"\n<h5 class=\"wp-block-heading has-text-color\" style=\"color:#465c5f\">Livros:<\/h5>\n\n\n\n<ol style=\"color:#465c5f\" class=\"wp-block-list has-text-color\">\n<li>CARVALHO, Fabiana Aparecida de. <strong>Homem n\u00e3o chora<\/strong>: o abuso sexual contra meninos. Jundia\u00ed: Paco Editorial, 2020.<\/li>\n\n\n\n<li>HOHENDORFF, Jean Von; HABIGZANG, Lu\u00edsa Fernanda; KOLLER, Silvia Helena. <strong>Viol\u00eancia sexual contra meninos<\/strong>: teoria e interven\u00e7\u00e3o. Curitiba: Juru\u00e1, 2014.<\/li>\n\n\n\n<li>PINTO JR, Antonio Augusto. <strong>Viol\u00eancia sexual dom\u00e9stica contra meninos<\/strong>: um estudo fenomenol\u00f3gico. S\u00e3o Paulo: Vetor, 2005.<\/li>\n\n\n\n<li>PIRES FILHO, Moacyr Ferreira. <strong>Abuso sexual em meninos<\/strong>: a viol\u00eancia intrafamiliar atrav\u00e9s do olhar de psic\u00f3logo que atende em institui\u00e7\u00f5es. 1\u00aa reimpr. Curitiba: Juru\u00e1, 2011.<\/li>\n\n\n\n<li>SANDERSON, Christiane. <strong>Abuso sexual em crian\u00e7as<\/strong>: fortalecendo pais e professores para proteger crian\u00e7as contra abusos sexuais e pedofilia. S\u00e3o Paulo: M. Books, 2008.<br><\/li>\n<\/ol>\n\n\n\n<h5 class=\"wp-block-heading has-text-color\" style=\"color:#465c5f\">Artigos:<\/h5>\n\n\n\n<ol style=\"color:#465c5f\" class=\"wp-block-list has-text-color\">\n<li><a href=\"https:\/\/www.scielo.br\/j\/sdeb\/a\/NL5SXYSrVbFXJntmyXjrN9y\/?lang=pt\" target=\"_blank\" rel=\"noreferrer noopener\">ARRUDA, Priscila Albernaz Costa; CAMPOS, Andr\u00e9; ABREU, Carla Arrais Pimentel; JUNIOR, Diogo Vaz da Silva; FERREIRA, Denis Gon\u00e7alves. Preval\u00eancia de Viol\u00eancia Sexual com contato e sem contato contra homens brasileiros e fatores associados a sexo for\u00e7ado. <strong>Sa\u00fade em Debate<\/strong>, [S. l.], v. 47, n. 138, p. 493\u2013503, jul.\/set. 2023.<\/a><\/li>\n\n\n\n<li><a href=\"https:\/\/cienciaesaudecoletiva.com.br\/artigos\/analise-comparativa-dos-registros-brasileiros-em-saude-e-seguranca-publica-sobre-violencia-sexual-contra-meninos-e-homens\/19550?id=19550\" target=\"_blank\" rel=\"noreferrer noopener\">BARBOSA, Jo\u00e3o; NUNES, Guilherme; MAURO, Lucas Cumini; CORDEIRO, Ana Thereza; SILVA, Ana Carolina; FERREIRA, Denis G. An\u00e1lise comparativa dos registros brasileiros em sa\u00fade e seguran\u00e7a p\u00fablica sobre viol\u00eancia sexual contra meninos e homens. <strong>Ci\u00eancia &amp; Sa\u00fade Coletiva<\/strong>, mar. 2025.<\/a><\/li>\n\n\n\n<li><a href=\"https:\/\/rsp.fsp.usp.br\/artigo\/violencia-sexual-contra-homens-no-brasil-subnotificacao-prevalencia-e-fatores-associados\/\" target=\"_blank\" rel=\"noreferrer noopener\">FERREIRA, Denis Gon\u00e7alves; BORTOLI, Maritsa Carla de; PEXE-MACHADO, Paula; SAGGESE, Gustavo Santa Roza; VERAS, Maria Amelia. Viole\u0302ncia sexual contra homens no Brasil: Subnotificac\u0327a\u0303o, prevale\u0302ncia e fatores associados. <strong>Revista de Sa\u00fade P\u00fablica<\/strong>, S\u00e3o Paulo, v. 57, n. 23, p. 1-17, 2023.<\/a><\/li>\n\n\n\n<li><a href=\"https:\/\/www.scielo.br\/j\/pusp\/a\/WDTX3SXVxtKVqn5cKkByG8N\/?lang=pt\" target=\"_blank\" rel=\"noreferrer noopener\">HOHENDORFF, Jean Von; HABIGZANG, Lu\u00edsa Fernanda; KOLLER, Silvia Helena. Viol\u00eancia sexual contra meninos: dados epidemol\u00f3gicos, caracter\u00edsticas e consequ\u00eancia. <strong>Psicologia USP<\/strong>, S\u00e3o Paulo, v. 23. n. 2, p. 395-415, jun. 2012.<\/a><\/li>\n\n\n\n<li><a href=\"https:\/\/pepsic.bvsalud.org\/scielo.php?script=sci_arttext&amp;pid=S1983-34822015000100006\" target=\"_blank\" rel=\"noreferrer noopener\">HOHENDORFF, Jean Von; SANTOS, Samara Silva dos; DELL&#8217;AGLIO, D\u00e9bora Dalbosco. Estudo de caso sobre a revela\u00e7\u00e3o da viol\u00eancia sexual contra meninos. <strong>Contextos Cl\u00ednicos<\/strong>, S\u00e3o Leopoldo, v. 8, n. 1, p. 46-54, jun. 2015.<\/a><\/li>\n\n\n\n<li><a href=\"https:\/\/periodicos.ufpe.br\/revistas\/index.php\/debatesinsubmissos\/article\/view\/252938\" target=\"_blank\" rel=\"noreferrer noopener\">ROSA, Cristiano Eduardo da; FELIPE, Jane. Uma fam\u00edlia que n\u00e3o educa e nem protege? Scripts de g\u00eanero e viol\u00eancia\/abuso sexual contra meninos. <strong>Revista Debates Insubmissos<\/strong>, Caruaru, v. 6, n. 20, jan.\/maio. 2023.<\/a><\/li>\n\n\n\n<li><a href=\"https:\/\/ppg.revistas.uema.br\/index.php\/PESQUISA_EM_FOCO\/article\/view\/2480\" target=\"_blank\" rel=\"noreferrer noopener\">ROSA, Cristiano Eduardo da; FELIPE, Jane. Viol\u00eancia\/abuso sexual contra meninos: masculinidades e silenciamentos em debate. <strong>Pesquisa em Foco<\/strong>, S\u00e3o Lu\u00eds, v. 25, n. 2, p. 144-167, jul.\/dez. 2020.<\/a><\/li>\n\n\n\n<li><a href=\"https:\/\/periodicos.ufjf.br\/index.php\/revistainstrumento\/article\/view\/50238\" target=\"_blank\" rel=\"noreferrer noopener\">ROSA, Cristiano Eduardo da; FELIPE, Jane. Entre o cuidado e a viol\u00eancia: mulheres como agressoras sexuais de meninos. <strong>Instrumento<\/strong>: Revista de Estudo e Pesquisa em Educa\u00e7\u00e3o, Juiz de Fora, v. 27, p. 1-17, 2025, e-5023817.<\/a><\/li>\n\n\n\n<li><a href=\"https:\/\/periodicos.furg.br\/divedu\/article\/view\/19958\" target=\"_blank\" rel=\"noreferrer noopener\">ROSA, Cristiano Eduardo da; FELIPE, Jane. Erotiza\u00e7\u00e3o de meninos: scripts de g\u00eanero, masculinidades e vulnerabilidades \u00e0 viol\u00eancia\/abuso sexual. Revista Diversidade e Educa\u00e7\u00e3o, Rio Grande, v. 13, n. 2, p. 698-713, 2025.<\/a><br><\/li>\n<\/ol>\n\n\n\n<h5 class=\"wp-block-heading has-text-color\" style=\"color:#465c5f\">V\u00eddeos:<\/h5>\n\n\n\n<ol style=\"color:#465c5f\" class=\"wp-block-list has-text-color\">\n<li><a href=\"https:\/\/www.youtube.com\/watch?v=uc6QxD2_yQw&amp;feature=youtu.be\" target=\"_blank\" rel=\"noreferrer noopener\">Ass\u00e9dio Sexual Contra Homens Usado Como Piada<\/a> \u2013 parte 1 (v\u00eddeo em ingl\u00eas com legenda em portugu\u00eas);<\/li>\n\n\n\n<li><a href=\"https:\/\/www.youtube.com\/watch?v=9nheskbsU5g&amp;feature=youtu.be\" target=\"_blank\" rel=\"noreferrer noopener\">Agress\u00e3o sexual em homens Sendo motivo de risos<\/a> \u2013 parte 2 agressores femininos (v\u00eddeo em ingl\u00eas com legenda em portugu\u00eas)<\/li>\n<\/ol>\n\n\n\n<p><\/p>\n","protected":false},"excerpt":{"rendered":"<p>Livros: Artigos: V\u00eddeos:<\/p>\n","protected":false},"author":2,"featured_media":0,"parent":0,"menu_order":0,"comment_status":"closed","ping_status":"closed","template":"","meta":{"footnotes":""},"class_list":["post-371","page","type-page","status-publish","hentry","entry"],"_links":{"self":[{"href":"https:\/\/memoriasmasculinas.org\/site\/wp-json\/wp\/v2\/pages\/371","targetHints":{"allow":["GET"]}}],"collection":[{"href":"https:\/\/memoriasmasculinas.org\/site\/wp-json\/wp\/v2\/pages"}],"about":[{"href":"https:\/\/memoriasmasculinas.org\/site\/wp-json\/wp\/v2\/types\/page"}],"author":[{"embeddable":true,"href":"https:\/\/memoriasmasculinas.org\/site\/wp-json\/wp\/v2\/users\/2"}],"replies":[{"embeddable":true,"href":"https:\/\/memoriasmasculinas.org\/site\/wp-json\/wp\/v2\/comments?post=371"}],"version-history":[{"count":14,"href":"https:\/\/memoriasmasculinas.org\/site\/wp-json\/wp\/v2\/pages\/371\/revisions"}],"predecessor-version":[{"id":865,"href":"https:\/\/memoriasmasculinas.org\/site\/wp-json\/wp\/v2\/pages\/371\/revisions\/865"}],"wp:attachment":[{"href":"https:\/\/memoriasmasculinas.org\/site\/wp-json\/wp\/v2\/media?parent=371"}],"curies":[{"name":"wp","href":"https:\/\/api.w.org\/{rel}","templated":true}]}}