{"id":319,"date":"2020-10-19T17:13:36","date_gmt":"2020-10-19T20:13:36","guid":{"rendered":"https:\/\/memoriasmasculinas.wordpress.com\/?page_id=319"},"modified":"2026-03-31T18:24:55","modified_gmt":"2026-03-31T21:24:55","slug":"quem-somos","status":"publish","type":"page","link":"https:\/\/memoriasmasculinas.org\/site\/quem-somos\/","title":{"rendered":"Quem somos"},"content":{"rendered":"\n<p class=\"has-text-color\" style=\"color:#465c5f\">Somos um grupo de profissionais de m\u00faltiplas \u00e1reas (Psicologia, Comunica\u00e7\u00e3o, Sociologia, Educa\u00e7\u00e3o, Antropologia e outras) que oferece um espa\u00e7o de escuta para que homens v\u00edtimas de viol\u00eancia sexual possam falar sobre essas experi\u00eancias traum\u00e1ticas para um\/a das\/os nossas\/os psic\u00f3logas\/os volunt\u00e1rias\/os em um ambiente seguro, sem julgamentos e absolutamente sigiloso.<\/p>\n\n\n\n<p class=\"has-text-color\" style=\"color:#465c5f\">Somos a primeira organiza\u00e7\u00e3o especializada em atender homens v\u00edtimas de viol\u00eancia sexual do Brasil, voc\u00ea pode fazer hist\u00f3ria junto conosco.<\/p>\n\n\n\n<h2 class=\"wp-block-heading has-text-color\" style=\"color:#465c5f\">Miss\u00e3o<\/h2>\n\n\n\n<p class=\"has-text-color\" style=\"color:#465c5f\">Apoiar homens que foram v\u00edtimas de viol\u00eancia sexual a superar os traumas consequentes, criando um servi\u00e7o especializado para atend\u00ea-los e conect\u00e1-los a profissionais da Psicologia para garantir a efetiva prote\u00e7\u00e3o dos Direitos Humanos e habilitando homens em geral a constru\u00edrem rela\u00e7\u00f5es sociais saud\u00e1veis e seguras.<\/p>\n\n\n\n<h2 class=\"wp-block-heading has-text-color\" style=\"color:#465c5f\">Vis\u00e3o<\/h2>\n\n\n\n<p>Ser uma rede nacional de refer\u00eancia para conectar homens v\u00edtimas de viol\u00eancia sexual com profissionais capacitadas\/os para lidar com o sofrimento proveniente do trauma sexual.<\/p>\n\n\n\n<h2 class=\"wp-block-heading has-text-color\" style=\"color:#465c5f\">Objetivos<\/h2>\n\n\n\n<ul class=\"wp-block-list\">\n<li>Promover e proteger a sa\u00fade e os direitos humanos de homens que foram v\u00edtimas de viol\u00eancia sexual;<\/li>\n\n\n\n<li>Fomentar a conex\u00e3o entre profissionais da Psicologia com homens que possuem hist\u00f3rico de trauma sexual;<\/li>\n\n\n\n<li>Desenvolver pesquisas, produ\u00e7\u00e3o e divulga\u00e7\u00e3o de informa\u00e7\u00f5es e conhecimentos t\u00e9cnicos e cient\u00edficos referentes \u00e0 defesa, orienta\u00e7\u00e3o e prote\u00e7\u00e3o dos direitos humanos, em especial aos direitos dos homens v\u00edtimas de viol\u00eancia sexual.<\/li>\n\n\n\n<li>Promover campanhas de educa\u00e7\u00e3o, treinamento e conscientiza\u00e7\u00e3o em torno da quest\u00e3o das viol\u00eancias sexuais contra homens de todas as idades e origens.<\/li>\n<\/ul>\n\n\n\n<h2 class=\"wp-block-heading has-text-color\" style=\"color:#465c5f\">Equipe:<\/h2>\n\n\n\n<p><img loading=\"lazy\" decoding=\"async\" width=\"150\" height=\"150\" class=\"wp-image-676\" style=\"width: 150px;\" src=\"https:\/\/memoriasmasculinas.org\/site\/wp-content\/uploads\/2025\/04\/Denis.jpg\" alt=\"\" srcset=\"https:\/\/memoriasmasculinas.org\/site\/wp-content\/uploads\/2025\/04\/Denis.jpg 2316w, https:\/\/memoriasmasculinas.org\/site\/wp-content\/uploads\/2025\/04\/Denis-300x300.jpg 300w, https:\/\/memoriasmasculinas.org\/site\/wp-content\/uploads\/2025\/04\/Denis-1024x1024.jpg 1024w, https:\/\/memoriasmasculinas.org\/site\/wp-content\/uploads\/2025\/04\/Denis-150x150.jpg 150w, https:\/\/memoriasmasculinas.org\/site\/wp-content\/uploads\/2025\/04\/Denis-768x768.jpg 768w, https:\/\/memoriasmasculinas.org\/site\/wp-content\/uploads\/2025\/04\/Denis-1536x1536.jpg 1536w\" sizes=\"auto, (max-width: 150px) 100vw, 150px\" \/><br><strong>Denis G. Ferreira<\/strong> &#8211; diretoria@memoriasmasculinas.org<br><em>Presidente<\/em><strong><br><\/strong>Denis \u00e9 psic\u00f3logo, mora em S\u00e3o Paulo e d\u00e1 aula no curso de Medicina em Cuiab\u00e1, no centro-oeste brasileiro. \u00c9 um dos fundadores da Mem\u00f3rias Masculinas e est\u00e1 como presidente da diretoria. Denis tem mestrado em Psicologia Social (PUC-SP\/2016) e Doutorado em Sa\u00fade Coletiva (Sta. Casa &#8211; SP\/2022), \u00e9 o pesquisador respons\u00e1vel do N\u00facleo de Estudos Transdisciplinares sobre Viol\u00eancia Sexual e Homens do CNPQ.<\/p>\n\n\n\n<p><img loading=\"lazy\" decoding=\"async\" width=\"150\" height=\"150\" class=\"wp-image-675\" style=\"width: 150px;\" src=\"https:\/\/memoriasmasculinas.org\/site\/wp-content\/uploads\/2025\/04\/diogo-scaled.jpg\" alt=\"\" srcset=\"https:\/\/memoriasmasculinas.org\/site\/wp-content\/uploads\/2025\/04\/diogo-scaled.jpg 2560w, https:\/\/memoriasmasculinas.org\/site\/wp-content\/uploads\/2025\/04\/diogo-300x300.jpg 300w, https:\/\/memoriasmasculinas.org\/site\/wp-content\/uploads\/2025\/04\/diogo-1024x1024.jpg 1024w, https:\/\/memoriasmasculinas.org\/site\/wp-content\/uploads\/2025\/04\/diogo-150x150.jpg 150w, https:\/\/memoriasmasculinas.org\/site\/wp-content\/uploads\/2025\/04\/diogo-768x768.jpg 768w\" sizes=\"auto, (max-width: 150px) 100vw, 150px\" \/><br><strong>Diogo Vaz<\/strong> &#8211; diogo.vaz@memoriasmasculinas.org<br><em>Secret\u00e1rio Geral<strong><br><\/strong><\/em>Diogo Vaz reside em Porto Alegre, Rio Grande do Sul, Brasil. Atualmente trabalha como fot\u00f3grafo de cena e pesquisador, vinculando sua atua\u00e7\u00e3o aos temas processos art\u00edstico-criativos nas artes c\u00eanicas e masculinidades. \u00c9 graduado em Medicina Veterin\u00e1ria (UDESC, 2013), especialista em Sa\u00fade Coletiva pela Resid\u00eancia Integrada Multiprofissional em Sa\u00fade Coletiva (UFRGS, 2017) e mestre em Planejamento Urbano e Regional (UFRGS, 2020). No campo da fotografia e audiovisual tem forma\u00e7\u00e3o no Curso de Extens\u00e3o em Fotografia (UFRGS, 2014), no Curso de Cinematografia (Escola Fluxo, 2017), em Produ\u00e7\u00e3o Audiovisual &#8211; Online (Academia Internacional de Cinema, 2020), no Curso Oficina de Retrato (Escola Fluxo, 2023) e no Curso Fotografia de Cena para o Audiovisual (ABC Cursos de Cinema, 2024). Desde 2016 atua na pesquisa e na produ\u00e7\u00e3o de imagens de cenas, principalmente ligados a projetos e espet\u00e1culos das artes c\u00eanicas, do cinema-audiovisual e da m\u00fasica.<\/p>\n\n\n\n<p><img loading=\"lazy\" decoding=\"async\" width=\"150\" height=\"150\" class=\"wp-image-688\" style=\"width: 150px;\" src=\"https:\/\/memoriasmasculinas.org\/site\/wp-content\/uploads\/2025\/04\/Felipe.jpeg\" alt=\"\" srcset=\"https:\/\/memoriasmasculinas.org\/site\/wp-content\/uploads\/2025\/04\/Felipe.jpeg 1489w, https:\/\/memoriasmasculinas.org\/site\/wp-content\/uploads\/2025\/04\/Felipe-300x300.jpeg 300w, https:\/\/memoriasmasculinas.org\/site\/wp-content\/uploads\/2025\/04\/Felipe-1024x1024.jpeg 1024w, https:\/\/memoriasmasculinas.org\/site\/wp-content\/uploads\/2025\/04\/Felipe-150x150.jpeg 150w, https:\/\/memoriasmasculinas.org\/site\/wp-content\/uploads\/2025\/04\/Felipe-768x768.jpeg 768w\" sizes=\"auto, (max-width: 150px) 100vw, 150px\" \/><br><strong>Felipe Krupa<\/strong> &#8211; felipe.krupa@memoriasmasculinas.org<br><em>Tesoureiro<strong><br><\/strong><\/em>Psic\u00f3logo (CRP 08\/31897) formado pela Universidade Tuiuti do Paran\u00e1 (UTP), Sex\u00f3logo pela Faculdade Pequeno Pr\u00edncipe (FPP) e Especialista em Psicologia Cl\u00ednica Junguiana pela Unileya. Pesquisador no N\u00facleo de Estudos Transdisciplinares sobre Viol\u00eancia Sexual e Homens, dedica-se ao atendimento cl\u00ednico de adolescentes e adultos, al\u00e9m de desenvolver pesquisas sobre viol\u00eancia sexual contra homens.<\/p>\n\n\n\n<p><img loading=\"lazy\" decoding=\"async\" width=\"150\" height=\"150\" class=\"wp-image-674\" style=\"width: 150px;\" src=\"https:\/\/memoriasmasculinas.org\/site\/wp-content\/uploads\/2025\/04\/Andrik.jpeg\" alt=\"\" srcset=\"https:\/\/memoriasmasculinas.org\/site\/wp-content\/uploads\/2025\/04\/Andrik.jpeg 840w, https:\/\/memoriasmasculinas.org\/site\/wp-content\/uploads\/2025\/04\/Andrik-300x300.jpeg 300w, https:\/\/memoriasmasculinas.org\/site\/wp-content\/uploads\/2025\/04\/Andrik-150x150.jpeg 150w, https:\/\/memoriasmasculinas.org\/site\/wp-content\/uploads\/2025\/04\/Andrik-768x768.jpeg 768w\" sizes=\"auto, (max-width: 150px) 100vw, 150px\" \/><br><strong>Andrik B. Risso<\/strong> &#8211; andrik.risso@memoriasmasculinas.org<br><em>Conselheiro Fiscal<strong><br><\/strong><\/em>Doutor em Sociologia Pol\u00edtica pela UENF, com per\u00edodo sandu\u00edche na Universit\u00e9 du Qu\u00e9bec en Outaouais (Canad\u00e1). \u00c9 Mestre em Cogni\u00e7\u00e3o e Linguagem e Bacharel em Rela\u00e7\u00f5es Internacionais, com especializa\u00e7\u00f5es em Direito Internacional e Direitos Humanos pela Verbo Jur\u00eddico. Atualmente, complementa sua forma\u00e7\u00e3o no CEFET-RJ na \u00e1rea de Sociedade, Linguagem e Rela\u00e7\u00f5es Internacionais. Desenvolve pesquisas sobre a viol\u00eancia sexual contra homens em contextos de guerra, utilizando a an\u00e1lise do discurso como ferramenta para aprofundar o debate sobre o silenciamento e as din\u00e2micas de poder.<\/p>\n\n\n\n<p><img loading=\"lazy\" decoding=\"async\" width=\"150\" height=\"150\" class=\"wp-image-672\" style=\"width: 150px;\" src=\"https:\/\/memoriasmasculinas.org\/site\/wp-content\/uploads\/2025\/04\/Cristiano.jpg\" alt=\"\" srcset=\"https:\/\/memoriasmasculinas.org\/site\/wp-content\/uploads\/2025\/04\/Cristiano.jpg 351w, https:\/\/memoriasmasculinas.org\/site\/wp-content\/uploads\/2025\/04\/Cristiano-300x300.jpg 300w, https:\/\/memoriasmasculinas.org\/site\/wp-content\/uploads\/2025\/04\/Cristiano-150x150.jpg 150w\" sizes=\"auto, (max-width: 150px) 100vw, 150px\" \/><br><strong>Cristiano Rosa<\/strong> &#8211; cristiano.rosa@memoriasmasculinas.org<br><em>Conselheiro Fiscal Suplente<strong><br><\/strong><\/em>Graduado em Licenciatura em Letras &#8211; Habilita\u00e7\u00e3o Portugu\u00eas \/ Ingl\u00eas e respectivas literaturas pela Universidade Feevale (2009) e em Licenciatura em Pedagogia pela Uninter (2018), mestre e doutor em Educa\u00e7\u00e3o pela Universidade Federal do Rio Grande do Sul (2019; 2024). Integrante do GEERGE &#8211; Grupo de Estudos de Educa\u00e7\u00e3o e Rela\u00e7\u00f5es de G\u00eanero, vinculado ao PPGEDU\/FACED\/UFRGS. Atua como Orientador Pedag\u00f3gico na Escola SESI de Ensino M\u00e9dio Albino Marques Gomes no munic\u00edpio de Gravata\u00ed\/RS. Pesquisa sobre Educa\u00e7\u00e3o, inf\u00e2ncias, masculinidades, pedofiliza\u00e7\u00e3o, scripts de g\u00eanero e viol\u00eancia\/abuso sexual.<\/p>\n\n\n\n<p><img loading=\"lazy\" decoding=\"async\" width=\"150\" height=\"150\" class=\"wp-image-683\" style=\"width: 150px;\" src=\"https:\/\/memoriasmasculinas.org\/site\/wp-content\/uploads\/2025\/04\/Captura-de-tela-2025-04-07-214546.png\" alt=\"\" srcset=\"https:\/\/memoriasmasculinas.org\/site\/wp-content\/uploads\/2025\/04\/Captura-de-tela-2025-04-07-214546.png 617w, https:\/\/memoriasmasculinas.org\/site\/wp-content\/uploads\/2025\/04\/Captura-de-tela-2025-04-07-214546-300x300.png 300w, https:\/\/memoriasmasculinas.org\/site\/wp-content\/uploads\/2025\/04\/Captura-de-tela-2025-04-07-214546-150x150.png 150w\" sizes=\"auto, (max-width: 150px) 100vw, 150px\" \/><br><strong>Ren\u00ea Bastos<\/strong> &#8211; rene.bastos@memoriasmasculinas.org<br><em>Conselheiro Consultivo I<strong><br><\/strong><\/em>Doutorando e mestre em Antropologia Social (PPGAS\/MN\/UFRJ) e bacharel em Ci\u00eancias Sociais (FGV CPDOC). Pesquisador do NuSex &#8211; N\u00facleo de Estudos em G\u00eanero, Sexualidade e Ra\u00e7a do PPGAS do Museu Nacional\/UFRJ, do N\u00facleo de Estudos de G\u00eanero, Ra\u00e7a e Interseccionalidades (NEGRI), vinculado ao CPDOC e do N\u00facleo de Estudos Transdisciplinares sobre Viol\u00eancia Sexual e Homens do CNPQ. Articula os interesses nas \u00e1reas de Antropologia e Humanidades Digitais com temas de pesquisa voltados para as quest\u00f5es de g\u00eanero, sexualidade, rela\u00e7\u00f5es \u00e9tnico-raciais, classe, viol\u00eancia e tecnologia.<\/p>\n\n\n\n<p><img loading=\"lazy\" decoding=\"async\" width=\"150\" height=\"136\" class=\"wp-image-679\" style=\"width: 150px;\" src=\"https:\/\/memoriasmasculinas.org\/site\/wp-content\/uploads\/2025\/04\/Thuanii.jpg\" alt=\"\" srcset=\"https:\/\/memoriasmasculinas.org\/site\/wp-content\/uploads\/2025\/04\/Thuanii.jpg 2208w, https:\/\/memoriasmasculinas.org\/site\/wp-content\/uploads\/2025\/04\/Thuanii-300x273.jpg 300w, https:\/\/memoriasmasculinas.org\/site\/wp-content\/uploads\/2025\/04\/Thuanii-1024x931.jpg 1024w, https:\/\/memoriasmasculinas.org\/site\/wp-content\/uploads\/2025\/04\/Thuanii-768x698.jpg 768w, https:\/\/memoriasmasculinas.org\/site\/wp-content\/uploads\/2025\/04\/Thuanii-1536x1397.jpg 1536w, https:\/\/memoriasmasculinas.org\/site\/wp-content\/uploads\/2025\/04\/Thuanii-2048x1862.jpg 2048w\" sizes=\"auto, (max-width: 150px) 100vw, 150px\" \/><br><strong>Thuani Queiroz<\/strong> &#8211; thuani.queiroz@memoriasmasculinas.org<br><em>Conselheira Consultiva II<strong><br><\/strong><\/em>Doutora e mestre em Antropologia pelo Programa de P\u00f3s-Gradua\u00e7\u00e3o em Antropologia da UFF, tem vasta experi\u00eancia em metodologia, desenvolvimento de pesquisas e an\u00e1lise de dados. Sua pesquisas se situam na \u00e1rea de G\u00eanero e sexualidade, especificamente em quest\u00f5es relacionadas com sexo, abuso sexual, grupos de influ\u00eancia, conflitos, din\u00e2micas de gest\u00e3o de casos de abuso sexual na esfera privada e constru\u00e7\u00e3o social de masculinidades e&nbsp;feminilidades.<\/p>\n\n\n<div class=\"wp-block-image\">\n<figure class=\"alignleft size-large is-resized\"><img loading=\"lazy\" decoding=\"async\" width=\"1024\" height=\"1019\" src=\"https:\/\/memoriasmasculinas.org\/site\/wp-content\/uploads\/2025\/06\/DSC00055-1024x1019.jpeg\" alt=\"\" class=\"wp-image-713\" style=\"width:150px;height:auto\" srcset=\"https:\/\/memoriasmasculinas.org\/site\/wp-content\/uploads\/2025\/06\/DSC00055-1024x1019.jpeg 1024w, https:\/\/memoriasmasculinas.org\/site\/wp-content\/uploads\/2025\/06\/DSC00055-300x298.jpeg 300w, https:\/\/memoriasmasculinas.org\/site\/wp-content\/uploads\/2025\/06\/DSC00055-150x150.jpeg 150w, https:\/\/memoriasmasculinas.org\/site\/wp-content\/uploads\/2025\/06\/DSC00055-768x764.jpeg 768w\" sizes=\"auto, (max-width: 1024px) 100vw, 1024px\" \/><\/figure>\n<\/div>\n\n\n<p><br><br><br><br><br><br><strong>Graciela Santo <\/strong>&#8211; graciela.santo@memoriasmasculinas.org<br><em>Conselheira Consultiva III<\/em><br>Graciela \u00e9 psic\u00f3loga (CRP DF 24912), atua com uma pr\u00e1tica baseada em evid\u00eancias em psicologia e integra os avan\u00e7os mais recentes na pesquisa cient\u00edfica \u00e0 escuta cl\u00ednica. Possui uma trajet\u00f3ria que inclui experi\u00eancias diversificadas em doc\u00eancia, pesquisa acad\u00eamica e no servi\u00e7o militar, bem como um per\u00edodo significativo de atua\u00e7\u00e3o como psicoterapeuta na Austr\u00e1lia. Atende adultos nas modalidades online e\/ou presencial (Bras\u00edlia-DF) para falantes de Portugu\u00eas e Ingl\u00eas e oferece atendimento sens\u00edvel ao trauma \u00e0 homens v\u00edtimas de viol\u00eancia sexual via Mem\u00f3rias Masculinas.<\/p>\n","protected":false},"excerpt":{"rendered":"<p>Somos um grupo de profissionais de m\u00faltiplas \u00e1reas (Psicologia, Comunica\u00e7\u00e3o, Sociologia, Educa\u00e7\u00e3o, Antropologia e outras) que oferece um espa\u00e7o de escuta para que homens v\u00edtimas de viol\u00eancia sexual possam falar sobre essas experi\u00eancias traum\u00e1ticas para um\/a das\/os nossas\/os psic\u00f3logas\/os volunt\u00e1rias\/os em um ambiente seguro, sem julgamentos e absolutamente sigiloso. Somos a primeira organiza\u00e7\u00e3o especializada em<a class=\"more-link\" href=\"https:\/\/memoriasmasculinas.org\/site\/quem-somos\/\">Continuar lendo <span class=\"screen-reader-text\">&#8220;Quem somos&#8221;<\/span><\/a><\/p>\n","protected":false},"author":2,"featured_media":0,"parent":0,"menu_order":0,"comment_status":"closed","ping_status":"closed","template":"","meta":{"footnotes":""},"class_list":["post-319","page","type-page","status-publish","hentry","entry"],"_links":{"self":[{"href":"https:\/\/memoriasmasculinas.org\/site\/wp-json\/wp\/v2\/pages\/319","targetHints":{"allow":["GET"]}}],"collection":[{"href":"https:\/\/memoriasmasculinas.org\/site\/wp-json\/wp\/v2\/pages"}],"about":[{"href":"https:\/\/memoriasmasculinas.org\/site\/wp-json\/wp\/v2\/types\/page"}],"author":[{"embeddable":true,"href":"https:\/\/memoriasmasculinas.org\/site\/wp-json\/wp\/v2\/users\/2"}],"replies":[{"embeddable":true,"href":"https:\/\/memoriasmasculinas.org\/site\/wp-json\/wp\/v2\/comments?post=319"}],"version-history":[{"count":25,"href":"https:\/\/memoriasmasculinas.org\/site\/wp-json\/wp\/v2\/pages\/319\/revisions"}],"predecessor-version":[{"id":854,"href":"https:\/\/memoriasmasculinas.org\/site\/wp-json\/wp\/v2\/pages\/319\/revisions\/854"}],"wp:attachment":[{"href":"https:\/\/memoriasmasculinas.org\/site\/wp-json\/wp\/v2\/media?parent=319"}],"curies":[{"name":"wp","href":"https:\/\/api.w.org\/{rel}","templated":true}]}}